{"id":212,"date":"2013-06-07T11:36:34","date_gmt":"2013-06-07T11:36:34","guid":{"rendered":"http:\/\/demo2.woothemes.com\/woocommerce\/?post_type=product&#038;p=93"},"modified":"2024-05-17T17:49:04","modified_gmt":"2024-05-17T17:49:04","slug":"classic-oc-t","status":"publish","type":"product","link":"https:\/\/wp.eddereklam.com\/?product=classic-oc-t","title":{"rendered":"CLASSIC OC-T"},"content":{"rendered":"<p>En klassisk t-shirt i modern passform i 100% ekologisk bomull. Den har en dubbel 1&#215;1 ribbad halsringning, nackband och f\u00f6rst\u00e4rkta axels\u00f6mmar. Avtagbar nacketikett f\u00f6r att enkelt kunna addera egen avs\u00e4ndare. T-shirten \u00e4r f\u00f6rkrympt och enzymbehandlad f\u00f6r mjuk och sk\u00f6n k\u00e4nsla. Herrmodellen \u00e4r rundstickad och dammodellen har sids\u00f6mmar.<\/p>\n","protected":false},"excerpt":{"rendered":"<p>En klassisk t-shirt i modern passform i 100% ekologisk bomull. Den har en dubbel 1&#215;1 ribbad halsringning, nackband och f\u00f6rst\u00e4rkta axels\u00f6mmar. Avtagbar nacketikett f\u00f6r att enkelt kunna addera egen avs\u00e4ndare. T-shirten \u00e4r f\u00f6rkrympt och enzymbehandlad f\u00f6r mjuk och sk\u00f6n k\u00e4nsla. Herrmodellen \u00e4r rundstickad och dammodellen har sids\u00f6mmar.<\/p>\n","protected":false},"featured_media":1515,"comment_status":"open","ping_status":"closed","template":"","meta":[],"product_brand":[],"product_cat":[57,23],"product_tag":[],"class_list":{"0":"post-212","1":"product","2":"type-product","3":"status-publish","4":"has-post-thumbnail","6":"product_cat-arbets-t-shirts","7":"product_cat-t-shirts","8":"pa_farg-apple-green","9":"pa_farg-dark-grey","10":"pa_farg-gul","11":"pa_farg-light-grey","12":"pa_farg-marinbla","13":"pa_farg-orange","14":"pa_farg-rod","15":"pa_farg-royal-blue","16":"pa_farg-skyblue","17":"pa_farg-svart","18":"pa_farg-turkos","19":"pa_farg-vit","21":"first","22":"instock","23":"shipping-taxable","24":"purchasable","25":"product-type-variable"},"_links":{"self":[{"href":"https:\/\/wp.eddereklam.com\/index.php?rest_route=\/wp\/v2\/product\/212","targetHints":{"allow":["GET"]}}],"collection":[{"href":"https:\/\/wp.eddereklam.com\/index.php?rest_route=\/wp\/v2\/product"}],"about":[{"href":"https:\/\/wp.eddereklam.com\/index.php?rest_route=\/wp\/v2\/types\/product"}],"replies":[{"embeddable":true,"href":"https:\/\/wp.eddereklam.com\/index.php?rest_route=%2Fwp%2Fv2%2Fcomments&post=212"}],"wp:featuredmedia":[{"embeddable":true,"href":"https:\/\/wp.eddereklam.com\/index.php?rest_route=\/wp\/v2\/media\/1515"}],"wp:attachment":[{"href":"https:\/\/wp.eddereklam.com\/index.php?rest_route=%2Fwp%2Fv2%2Fmedia&parent=212"}],"wp:term":[{"taxonomy":"product_brand","embeddable":true,"href":"https:\/\/wp.eddereklam.com\/index.php?rest_route=%2Fwp%2Fv2%2Fproduct_brand&post=212"},{"taxonomy":"product_cat","embeddable":true,"href":"https:\/\/wp.eddereklam.com\/index.php?rest_route=%2Fwp%2Fv2%2Fproduct_cat&post=212"},{"taxonomy":"product_tag","embeddable":true,"href":"https:\/\/wp.eddereklam.com\/index.php?rest_route=%2Fwp%2Fv2%2Fproduct_tag&post=212"}],"curies":[{"name":"wp","href":"https:\/\/api.w.org\/{rel}","templated":true}]}}