{"id":185,"date":"2013-08-10T09:26:37","date_gmt":"2013-08-10T09:26:37","guid":{"rendered":"http:\/\/uxthemes.wpengine.com\/?post_type=product&#038;p=319"},"modified":"2024-05-16T16:20:17","modified_gmt":"2024-05-16T16:20:17","slug":"mascot-safe-supreme","status":"publish","type":"product","link":"https:\/\/wp.eddereklam.com\/?product=mascot-safe-supreme","title":{"rendered":"MASCOT\u00ae SAFE SUPREME"},"content":{"rendered":"<p>Fluorescerande och med reflexer. Enf\u00e4rgade. Ytbehandlingen g\u00f6r produkten smutsavvisande. Tren\u00e5lsstickningar p\u00e5 benen och i grenen. Byxbenen \u00e4r ergonomiskt formade. L\u00e5g midja och formskuren linning. B\u00e4ltesstroppar. Gylf med blixtl\u00e5s. D-ring. Fickor p\u00e5 framstycket. Bakfickor med f\u00f6rst\u00e4rkningar, lock och dolda tryckknappar. Hammarstroppen \u00e4r justerbar. Benficka med f\u00f6rst\u00e4rkningar och extra fickor &#8211; en inv\u00e4ndig telefonficka samt en utv\u00e4ndig telefonficka med lock och magnetkn\u00e4ppning. Tumstocksficka. Kn\u00e4fickor i slitstark CORDURA\u00ae (500 D). Vi rekommenderar 00418-100 kn\u00e4skydd till den h\u00e4r modellen. Samcertifierade med kn\u00e4skyddstyp SHORT enligt EN 14404.<\/p>\n","protected":false},"excerpt":{"rendered":"<p>Fluorescerande och med reflexer. Enf\u00e4rgade. Ytbehandlingen g\u00f6r produkten smutsavvisande. Tren\u00e5lsstickningar p\u00e5 benen och i grenen. Byxbenen \u00e4r ergonomiskt formade. L\u00e5g midja och formskuren linning. B\u00e4ltesstroppar. Gylf med blixtl\u00e5s. D-ring. Fickor p\u00e5 framstycket. Bakfickor med f\u00f6rst\u00e4rkningar, lock och dolda tryckknappar. Hammarstroppen \u00e4r justerbar. Benficka med f\u00f6rst\u00e4rkningar och extra fickor &#8211; en inv\u00e4ndig telefonficka samt en utv\u00e4ndig telefonficka med lock och magnetkn\u00e4ppning. Tumstocksficka. Kn\u00e4fickor i slitstark CORDURA\u00ae (500 D). Vi rekommenderar 00418-100 kn\u00e4skydd till den h\u00e4r modellen. Samcertifierade med kn\u00e4skyddstyp SHORT enligt EN 14404.<\/p>\n","protected":false},"featured_media":1474,"comment_status":"open","ping_status":"closed","template":"","meta":[],"product_brand":[],"product_cat":[45],"product_tag":[],"class_list":{"0":"post-185","1":"product","2":"type-product","3":"status-publish","4":"has-post-thumbnail","6":"product_cat-arbetsbyxor","7":"pa_farg-gul","8":"pa_farg-orange","10":"first","11":"instock","12":"shipping-taxable","13":"purchasable","14":"product-type-variable"},"_links":{"self":[{"href":"https:\/\/wp.eddereklam.com\/index.php?rest_route=\/wp\/v2\/product\/185","targetHints":{"allow":["GET"]}}],"collection":[{"href":"https:\/\/wp.eddereklam.com\/index.php?rest_route=\/wp\/v2\/product"}],"about":[{"href":"https:\/\/wp.eddereklam.com\/index.php?rest_route=\/wp\/v2\/types\/product"}],"replies":[{"embeddable":true,"href":"https:\/\/wp.eddereklam.com\/index.php?rest_route=%2Fwp%2Fv2%2Fcomments&post=185"}],"wp:featuredmedia":[{"embeddable":true,"href":"https:\/\/wp.eddereklam.com\/index.php?rest_route=\/wp\/v2\/media\/1474"}],"wp:attachment":[{"href":"https:\/\/wp.eddereklam.com\/index.php?rest_route=%2Fwp%2Fv2%2Fmedia&parent=185"}],"wp:term":[{"taxonomy":"product_brand","embeddable":true,"href":"https:\/\/wp.eddereklam.com\/index.php?rest_route=%2Fwp%2Fv2%2Fproduct_brand&post=185"},{"taxonomy":"product_cat","embeddable":true,"href":"https:\/\/wp.eddereklam.com\/index.php?rest_route=%2Fwp%2Fv2%2Fproduct_cat&post=185"},{"taxonomy":"product_tag","embeddable":true,"href":"https:\/\/wp.eddereklam.com\/index.php?rest_route=%2Fwp%2Fv2%2Fproduct_tag&post=185"}],"curies":[{"name":"wp","href":"https:\/\/api.w.org\/{rel}","templated":true}]}}