{"id":182,"date":"2013-08-10T09:34:34","date_gmt":"2013-08-10T09:34:34","guid":{"rendered":"http:\/\/uxthemes.wpengine.com\/?post_type=product&#038;p=331"},"modified":"2024-05-17T17:57:57","modified_gmt":"2024-05-17T17:57:57","slug":"ts13-crew-t-shirt-fran-texstar-inkl-1-fargstryck","status":"publish","type":"product","link":"https:\/\/wp.eddereklam.com\/?product=ts13-crew-t-shirt-fran-texstar-inkl-1-fargstryck","title":{"rendered":"TS13 &#8211; CREW T-SHIRT TEXSTAR"},"content":{"rendered":"<p>V\u00c5RKAMPANJ! TS13 &#8211; CREW T-SHIRT FR\u00c5N TEXSTAR INKL 1-F\u00c4RGSTRYCK!<\/p>\n","protected":false},"excerpt":{"rendered":"<p>V\u00c5RKAMPANJ! TS13 &#8211; CREW T-SHIRT FR\u00c5N TEXSTAR INKL 1-F\u00c4RGSTRYCK!<\/p>\n","protected":false},"featured_media":1485,"comment_status":"open","ping_status":"closed","template":"","meta":[],"product_brand":[],"product_cat":[57],"product_tag":[],"class_list":{"0":"post-182","1":"product","2":"type-product","3":"status-publish","4":"has-post-thumbnail","6":"product_cat-arbets-t-shirts","7":"pa_farg-light-grey","8":"pa_farg-marinbla","9":"pa_farg-rod","10":"pa_farg-svart","11":"pa_farg-vit","13":"first","14":"instock","15":"shipping-taxable","16":"purchasable","17":"product-type-variable"},"_links":{"self":[{"href":"https:\/\/wp.eddereklam.com\/index.php?rest_route=\/wp\/v2\/product\/182","targetHints":{"allow":["GET"]}}],"collection":[{"href":"https:\/\/wp.eddereklam.com\/index.php?rest_route=\/wp\/v2\/product"}],"about":[{"href":"https:\/\/wp.eddereklam.com\/index.php?rest_route=\/wp\/v2\/types\/product"}],"replies":[{"embeddable":true,"href":"https:\/\/wp.eddereklam.com\/index.php?rest_route=%2Fwp%2Fv2%2Fcomments&post=182"}],"wp:featuredmedia":[{"embeddable":true,"href":"https:\/\/wp.eddereklam.com\/index.php?rest_route=\/wp\/v2\/media\/1485"}],"wp:attachment":[{"href":"https:\/\/wp.eddereklam.com\/index.php?rest_route=%2Fwp%2Fv2%2Fmedia&parent=182"}],"wp:term":[{"taxonomy":"product_brand","embeddable":true,"href":"https:\/\/wp.eddereklam.com\/index.php?rest_route=%2Fwp%2Fv2%2Fproduct_brand&post=182"},{"taxonomy":"product_cat","embeddable":true,"href":"https:\/\/wp.eddereklam.com\/index.php?rest_route=%2Fwp%2Fv2%2Fproduct_cat&post=182"},{"taxonomy":"product_tag","embeddable":true,"href":"https:\/\/wp.eddereklam.com\/index.php?rest_route=%2Fwp%2Fv2%2Fproduct_tag&post=182"}],"curies":[{"name":"wp","href":"https:\/\/api.w.org\/{rel}","templated":true}]}}