{"id":1741,"date":"2024-05-28T13:50:21","date_gmt":"2024-05-28T13:50:21","guid":{"rendered":"https:\/\/wp.eddereklam.com\/?post_type=product&#038;p=1741"},"modified":"2024-05-30T16:13:51","modified_gmt":"2024-05-30T16:13:51","slug":"krypto-safety-shoe","status":"publish","type":"product","link":"https:\/\/wp.eddereklam.com\/?product=krypto-safety-shoe","title":{"rendered":"Krypto Safety Shoe"},"content":{"rendered":"<p><span class=\"MuiTypography-root jss38 jss13 css-1uk1gs8\">Material<\/span><\/p>\n<div class=\"MuiBox-root css-1oi1uax\"><span class=\"MuiTypography-root jss38 jss13 jss43 css-1uk1gs8\">Ovandel 1:<\/span><span class=\"MuiTypography-root jss38 jss13 css-1uk1gs8\">Mesh<\/span><\/div>\n<div class=\"MuiBox-root css-1oi1uax\"><span class=\"MuiTypography-root jss38 jss13 jss43 css-1uk1gs8\">Ovandel 2:<\/span><span class=\"MuiTypography-root jss38 jss13 css-1uk1gs8\">Ripstop<\/span><\/div>\n<div class=\"MuiBox-root css-1oi1uax\"><span class=\"MuiTypography-root jss38 jss13 jss43 css-1uk1gs8\">Ovandel 3:<\/span><span class=\"MuiTypography-root jss38 jss13 css-1uk1gs8\">TPU<\/span><\/div>\n<div class=\"MuiBox-root css-1oi1uax\"><span class=\"MuiTypography-root jss38 jss13 jss43 css-1uk1gs8\">Material mellansula 1:<\/span><span class=\"MuiTypography-root jss38 jss13 css-1uk1gs8\">EVA<\/span><\/div>\n<div class=\"MuiBox-root css-1oi1uax\"><span class=\"MuiTypography-root jss38 jss13 jss43 css-1uk1gs8\">Material yttersula 1:<\/span><span class=\"MuiTypography-root jss38 jss13 css-1uk1gs8\">Gummi<\/span><\/div>\n<p><span class=\"MuiTypography-root jss38 jss13 css-1uk1gs8\">Storlekar<\/span><span class=\"MuiTypography-root jss38 jss13 css-1uk1gs8\">36, 37, 38, 39, 40, 41, 42, 43, 44, 45, 46, 47<\/span><\/p>\n","protected":false},"excerpt":{"rendered":"<p>Monitor Krypto \u00e4r en skyddssko i sport utf\u00f6rande som inte bara ser ut som sportsko utan ocks\u00e5 har passform och komfort som en s\u00e5dan. Ovandelen \u00e4r f\u00f6rsedd med BOA\u00ae Fit System f\u00f6r snabb och enkel sn\u00f6rning med en precis passform. Ovandelen har ett vattent\u00e4tt Monitex membran. Skon har dessutom ett slitstarkt Ribstop material och p\u00e5 t\u00e5 och h\u00e4l ett kraftigare TPU skydd f\u00f6r att ytterligare f\u00f6rst\u00e4rka skon. Yttersulan \u00e4r Monitors nya SIGMA som har en yttersula i gummi med ett m\u00f6nster som borgar f\u00f6r ett bra grepp p\u00e5 de flesta underlag. Den har sedan en mellansula i d\u00e4mpande EVA med en kraftig torsionsgaffel f\u00f6r att \u00f6ka stabiliteten ytterligare. T\u00e5h\u00e4ttan \u00e4r bred och \u00e4r tillverkad i aluminium. Skon har ocks\u00e5 Monitors SS2.0 innersula.<\/p>\n","protected":false},"featured_media":1742,"comment_status":"open","ping_status":"closed","template":"","meta":[],"product_brand":[],"product_cat":[71],"product_tag":[102,101],"class_list":{"0":"post-1741","1":"product","2":"type-product","3":"status-publish","4":"has-post-thumbnail","6":"product_cat-arbetsskor","7":"product_tag-arbetsskor","8":"product_tag-monitor","10":"first","11":"instock","12":"shipping-taxable","13":"purchasable","14":"product-type-variable","15":"has-default-attributes"},"_links":{"self":[{"href":"https:\/\/wp.eddereklam.com\/index.php?rest_route=\/wp\/v2\/product\/1741","targetHints":{"allow":["GET"]}}],"collection":[{"href":"https:\/\/wp.eddereklam.com\/index.php?rest_route=\/wp\/v2\/product"}],"about":[{"href":"https:\/\/wp.eddereklam.com\/index.php?rest_route=\/wp\/v2\/types\/product"}],"replies":[{"embeddable":true,"href":"https:\/\/wp.eddereklam.com\/index.php?rest_route=%2Fwp%2Fv2%2Fcomments&post=1741"}],"wp:featuredmedia":[{"embeddable":true,"href":"https:\/\/wp.eddereklam.com\/index.php?rest_route=\/wp\/v2\/media\/1742"}],"wp:attachment":[{"href":"https:\/\/wp.eddereklam.com\/index.php?rest_route=%2Fwp%2Fv2%2Fmedia&parent=1741"}],"wp:term":[{"taxonomy":"product_brand","embeddable":true,"href":"https:\/\/wp.eddereklam.com\/index.php?rest_route=%2Fwp%2Fv2%2Fproduct_brand&post=1741"},{"taxonomy":"product_cat","embeddable":true,"href":"https:\/\/wp.eddereklam.com\/index.php?rest_route=%2Fwp%2Fv2%2Fproduct_cat&post=1741"},{"taxonomy":"product_tag","embeddable":true,"href":"https:\/\/wp.eddereklam.com\/index.php?rest_route=%2Fwp%2Fv2%2Fproduct_tag&post=1741"}],"curies":[{"name":"wp","href":"https:\/\/api.w.org\/{rel}","templated":true}]}}