{"id":1730,"date":"2024-05-27T15:51:15","date_gmt":"2024-05-27T15:51:15","guid":{"rendered":"https:\/\/wp.eddereklam.com\/?post_type=product&#038;p=1730"},"modified":"2024-05-27T15:53:41","modified_gmt":"2024-05-27T15:53:41","slug":"pentagon-safety-shoe","status":"publish","type":"product","link":"https:\/\/wp.eddereklam.com\/?product=pentagon-safety-shoe","title":{"rendered":"Pentagon Safety Shoe"},"content":{"rendered":"<p><span class=\"MuiTypography-root jss65 jss40 css-1uk1gs8\">Material<\/span><\/p>\n<div class=\"MuiBox-root css-1oi1uax\"><span class=\"MuiTypography-root jss65 jss40 jss70 css-1uk1gs8\">Ovandel 1:<\/span><span class=\"MuiTypography-root jss65 jss40 css-1uk1gs8\">Hypertex<\/span><\/div>\n<div class=\"MuiBox-root css-1oi1uax\"><span class=\"MuiTypography-root jss65 jss40 jss70 css-1uk1gs8\">Material mellansula 1:<\/span><span class=\"MuiTypography-root jss65 jss40 css-1uk1gs8\">Formsprutat EVA<\/span><\/div>\n<div class=\"MuiBox-root css-1oi1uax\"><span class=\"MuiTypography-root jss65 jss40 jss70 css-1uk1gs8\">Material yttersula 1:<\/span><span class=\"MuiTypography-root jss65 jss40 css-1uk1gs8\">Gummi<\/span><\/div>\n<p><span class=\"MuiTypography-root jss65 jss40 css-1uk1gs8\">Storlekar<\/span><span class=\"MuiTypography-root jss65 jss40 css-1uk1gs8\">36, 37, 38, 39, 40<\/span><\/p>\n","protected":false},"excerpt":{"rendered":"<div class=\"MuiBox-root css-k008qs\">\n<div class=\"MuiBox-root css-bj6cru\">\n<div class=\"MuiGrid-root MuiGrid-container MuiGrid-spacing-md-10 css-x57xyg\">\n<div class=\"MuiGrid-root MuiGrid-item MuiGrid-grid-xs-12 MuiGrid-grid-md-5 jss1477 css-1r482s6\">\n<div class=\"MuiBox-root css-1pyc0sn\">\n<div class=\"MuiBox-root css-1jfhzmr\">\n<div class=\"MuiTypography-root jss51 jss1537 css-1uk1gs8\">Monitors serie M-rebound recover (M-RR) f\u00f6r\u00e4ndrar hur du jobbar. M-RR \u00e4r en helt ny teknologi som v\u00e4nder upp och ner p\u00e5 arbetsskons grundpelare och bidrar till att en l\u00e5ng dag p\u00e5 det h\u00e5rda golvet inte l\u00e4ngre \u00e4r en utmaning, utan en njutning. Materialet i sulan heter Rebound och \u00e4r ett helt nytt material som har en b\u00e4ttre d\u00e4mpningsf\u00f6rm\u00e5ga, en b\u00e4ttre stabilitet och en betydligt l\u00e4ngre livsl\u00e4ngd och h\u00e5llbarhet \u00e4n j\u00e4mf\u00f6rbara sulmaterial som existerar p\u00e5 marknaden. Slitsulan \u00e4r tillverkad i ett halks\u00e4kert gummi med SRC egenskaper. Ovandelen \u00e4r tillverkad i HyperTex som \u00e4r ett material med extrem h\u00e5llbarhet och prestanda. Skon \u00e4r utrustad med Monitors SS 2.0 innersula i Polyurethan med ESD-funktion och extrem komfort samt BOA\u00ae sn\u00f6rsystem.<\/div>\n<\/div>\n<\/div>\n<\/div>\n<\/div>\n<\/div>\n<\/div>\n<div class=\"MuiBox-root css-k008qs\"><\/div>\n","protected":false},"featured_media":1731,"comment_status":"open","ping_status":"closed","template":"","meta":[],"product_brand":[],"product_cat":[71],"product_tag":[102,101],"class_list":{"0":"post-1730","1":"product","2":"type-product","3":"status-publish","4":"has-post-thumbnail","6":"product_cat-arbetsskor","7":"product_tag-arbetsskor","8":"product_tag-monitor","10":"first","11":"instock","12":"shipping-taxable","13":"product-type-simple"},"_links":{"self":[{"href":"https:\/\/wp.eddereklam.com\/index.php?rest_route=\/wp\/v2\/product\/1730","targetHints":{"allow":["GET"]}}],"collection":[{"href":"https:\/\/wp.eddereklam.com\/index.php?rest_route=\/wp\/v2\/product"}],"about":[{"href":"https:\/\/wp.eddereklam.com\/index.php?rest_route=\/wp\/v2\/types\/product"}],"replies":[{"embeddable":true,"href":"https:\/\/wp.eddereklam.com\/index.php?rest_route=%2Fwp%2Fv2%2Fcomments&post=1730"}],"wp:featuredmedia":[{"embeddable":true,"href":"https:\/\/wp.eddereklam.com\/index.php?rest_route=\/wp\/v2\/media\/1731"}],"wp:attachment":[{"href":"https:\/\/wp.eddereklam.com\/index.php?rest_route=%2Fwp%2Fv2%2Fmedia&parent=1730"}],"wp:term":[{"taxonomy":"product_brand","embeddable":true,"href":"https:\/\/wp.eddereklam.com\/index.php?rest_route=%2Fwp%2Fv2%2Fproduct_brand&post=1730"},{"taxonomy":"product_cat","embeddable":true,"href":"https:\/\/wp.eddereklam.com\/index.php?rest_route=%2Fwp%2Fv2%2Fproduct_cat&post=1730"},{"taxonomy":"product_tag","embeddable":true,"href":"https:\/\/wp.eddereklam.com\/index.php?rest_route=%2Fwp%2Fv2%2Fproduct_tag&post=1730"}],"curies":[{"name":"wp","href":"https:\/\/api.w.org\/{rel}","templated":true}]}}