{"id":1701,"date":"2024-05-27T14:34:05","date_gmt":"2024-05-27T14:34:05","guid":{"rendered":"https:\/\/wp.eddereklam.com\/?post_type=product&#038;p=1701"},"modified":"2024-05-27T15:08:42","modified_gmt":"2024-05-27T15:08:42","slug":"charge-air-safety-shoe","status":"publish","type":"product","link":"https:\/\/wp.eddereklam.com\/?product=charge-air-safety-shoe","title":{"rendered":"Recharge Air Safety Shoe"},"content":{"rendered":"<p><span class=\"MuiTypography-root jss65 jss40 css-1uk1gs8\">Material<\/span><\/p>\n<div class=\"MuiBox-root css-1oi1uax\"><span class=\"MuiTypography-root jss65 jss40 jss70 css-1uk1gs8\">Foder 1:<\/span><span class=\"MuiTypography-root jss65 jss40 css-1uk1gs8\">Polyester<\/span><\/div>\n<div class=\"MuiBox-root css-1oi1uax\"><span class=\"MuiTypography-root jss65 jss40 jss70 css-1uk1gs8\">Foder 2:<\/span><span class=\"MuiTypography-root jss65 jss40 css-1uk1gs8\">Mikrofiber<\/span><\/div>\n<div class=\"MuiBox-root css-1oi1uax\"><span class=\"MuiTypography-root jss65 jss40 jss70 css-1uk1gs8\">Material mellansula 1:<\/span><span class=\"MuiTypography-root jss65 jss40 css-1uk1gs8\">EVA<\/span><\/div>\n<div class=\"MuiBox-root css-1oi1uax\"><span class=\"MuiTypography-root jss65 jss40 jss70 css-1uk1gs8\">Material yttersula 1:<\/span><span class=\"MuiTypography-root jss65 jss40 css-1uk1gs8\">Nitrile<\/span><\/div>\n<p><span class=\"MuiTypography-root jss65 jss40 css-1uk1gs8\">Storlekar<\/span><span class=\"MuiTypography-root jss65 jss40 css-1uk1gs8\">35, 36, 37, 38, 39, 40, 41, 42, 43, 44, 45, 46, 47, 48<\/span><\/p>\n","protected":false},"excerpt":{"rendered":"<div class=\"MuiBox-root css-k008qs\">\n<div class=\"MuiBox-root css-bj6cru\">\n<div class=\"MuiGrid-root MuiGrid-container MuiGrid-spacing-md-10 css-x57xyg\">\n<div class=\"MuiGrid-root MuiGrid-item MuiGrid-grid-xs-12 MuiGrid-grid-md-5 jss252 css-1r482s6\">\n<div class=\"MuiBox-root css-1pyc0sn\">\n<div class=\"MuiBox-root css-1jfhzmr\">\n<div class=\"MuiTypography-root jss51 jss317 css-1uk1gs8\">Monitor Recharge Air har en bred passform med en komposit t\u00e5h\u00e4tta och ett spikskydd i APT. Air ovandelen \u00e4r tillverkad i en luftig mesh med f\u00f6rst\u00e4rkning \u00f6ver t\u00e5n samt i h\u00e4len. Mellansulan \u00e4r tillverkad i EVA och slitsulan i HRO och FO gummi och innersulan \u00e4r tillverkad i Polyuretan med textil bekl\u00e4dnad. Sn\u00f6rningen \u00e4r med BOA\u00ae Fit System L6. Skon \u00e4r helt metallfri.<\/div>\n<\/div>\n<\/div>\n<\/div>\n<\/div>\n<\/div>\n<\/div>\n<div class=\"MuiBox-root css-k008qs\"><\/div>\n","protected":false},"featured_media":1705,"comment_status":"open","ping_status":"closed","template":"","meta":[],"product_brand":[],"product_cat":[71],"product_tag":[102,101],"class_list":{"0":"post-1701","1":"product","2":"type-product","3":"status-publish","4":"has-post-thumbnail","6":"product_cat-arbetsskor","7":"product_tag-arbetsskor","8":"product_tag-monitor","10":"first","11":"instock","12":"shipping-taxable","13":"purchasable","14":"product-type-simple"},"_links":{"self":[{"href":"https:\/\/wp.eddereklam.com\/index.php?rest_route=\/wp\/v2\/product\/1701","targetHints":{"allow":["GET"]}}],"collection":[{"href":"https:\/\/wp.eddereklam.com\/index.php?rest_route=\/wp\/v2\/product"}],"about":[{"href":"https:\/\/wp.eddereklam.com\/index.php?rest_route=\/wp\/v2\/types\/product"}],"replies":[{"embeddable":true,"href":"https:\/\/wp.eddereklam.com\/index.php?rest_route=%2Fwp%2Fv2%2Fcomments&post=1701"}],"wp:featuredmedia":[{"embeddable":true,"href":"https:\/\/wp.eddereklam.com\/index.php?rest_route=\/wp\/v2\/media\/1705"}],"wp:attachment":[{"href":"https:\/\/wp.eddereklam.com\/index.php?rest_route=%2Fwp%2Fv2%2Fmedia&parent=1701"}],"wp:term":[{"taxonomy":"product_brand","embeddable":true,"href":"https:\/\/wp.eddereklam.com\/index.php?rest_route=%2Fwp%2Fv2%2Fproduct_brand&post=1701"},{"taxonomy":"product_cat","embeddable":true,"href":"https:\/\/wp.eddereklam.com\/index.php?rest_route=%2Fwp%2Fv2%2Fproduct_cat&post=1701"},{"taxonomy":"product_tag","embeddable":true,"href":"https:\/\/wp.eddereklam.com\/index.php?rest_route=%2Fwp%2Fv2%2Fproduct_tag&post=1701"}],"curies":[{"name":"wp","href":"https:\/\/api.w.org\/{rel}","templated":true}]}}