{"id":979,"date":"2024-03-28T16:18:18","date_gmt":"2024-03-28T16:18:18","guid":{"rendered":"https:\/\/wp.eddereklam.com\/?page_id=979"},"modified":"2024-04-02T10:37:19","modified_gmt":"2024-04-02T10:37:19","slug":"gavor-och-gavokort","status":"publish","type":"page","link":"https:\/\/wp.eddereklam.com\/?page_id=979","title":{"rendered":"G\u00c5VOR OCH G\u00c5VOKORT"},"content":{"rendered":"\n\t<section class=\"section\" id=\"section_1295279639\">\n\t\t<div class=\"bg section-bg fill bg-fill  bg-loaded\" >\n\n\t\t\t\n\t\t\t\n\t\t\t\n\n\t\t<\/div>\n\n\t\t\n\n\t\t<div class=\"section-content relative\">\n\t\t\t\n\n\t<div id=\"text-51798147\" class=\"text\">\n\t\t\n\n<h1><strong>G\u00e5vor<\/strong> &amp; G\u00e5vokort<\/h1>\n\t\t\n<style>\n#text-51798147 {\n  font-size: 3.35rem;\n  text-align: center;\n}\n<\/style>\n\t<\/div>\n\t\n<p style=\"text-align: center;\"><span style=\"font-size: 120%;\">EDDE REKLAM ger dig unik m\u00f6jlighet att v\u00e4lja bland flera &#8211; <strong>V\u00e5r &amp; Sommar <\/strong>&#8211; kataloger p\u00e5 ett och samma st\u00e4lle.<\/span><\/p>\n\n\t\t<\/div>\n\n\t\t\n<style>\n#section_1295279639 {\n  padding-top: 0px;\n  padding-bottom: 0px;\n  min-height: 300px;\n  background-color: #eef1f2;\n}\n<\/style>\n\t<\/section>\n\t\n\t<section class=\"section\" id=\"section_1173902821\">\n\t\t<div class=\"bg section-bg fill bg-fill  bg-loaded\" >\n\n\t\t\t\n\t\t\t\n\t\t\t\n\n\t\t<\/div>\n\n\t\t\n\n\t\t<div class=\"section-content relative\">\n\t\t\t\n\n<div class=\"row row-small row-full-width\"  id=\"row-1451921412\">\n\n\n\t<div id=\"col-624783926\" class=\"col small-12 large-12\"  >\n\t\t\t\t<div class=\"col-inner\"  >\n\t\t\t\n\t\t\t\n\n<div class=\"container section-title-container\" ><h3 class=\"section-title section-title-center\"><b><\/b><span class=\"section-title-main\" >G\u00e5vor och g\u00e5vokort<\/span><b><\/b><\/h3><\/div>\n\n\n\t\t<\/div>\n\t\t\t\t\t<\/div>\n\n\t\n\n<\/div>\n<div class=\"row\"  id=\"row-964286984\">\n\n\n\t<div id=\"col-1451588967\" class=\"col medium-4 small-12 large-4\"  >\n\t\t\t\t<div class=\"col-inner\"  >\n\t\t\t\n\t\t\t\n\n\t<div class=\"box has-hover   has-hover box-overlay dark box-text-bottom\" >\n\n\t\t<div class=\"box-image\" >\n\t\t\t<a href=\"https:\/\/viewer.joomag.com\/dj-ss2024-nwp-profil\/0944469001701434070\" target=\"_blank\" rel=\"noopener\" >\t\t\t<div class=\"image-cover\" style=\"padding-top:600px;\">\n\t\t\t\t<img loading=\"lazy\" decoding=\"async\" width=\"1000\" height=\"1262\" src=\"https:\/\/wp.eddereklam.com\/wp-content\/uploads\/2024\/03\/DJ_SS2024_NWP_PROFIL.jpg\" class=\"attachment-original size-original\" alt=\"\" srcset=\"https:\/\/wp.eddereklam.com\/wp-content\/uploads\/2024\/03\/DJ_SS2024_NWP_PROFIL.jpg 1000w, https:\/\/wp.eddereklam.com\/wp-content\/uploads\/2024\/03\/DJ_SS2024_NWP_PROFIL-600x757.jpg 600w, https:\/\/wp.eddereklam.com\/wp-content\/uploads\/2024\/03\/DJ_SS2024_NWP_PROFIL-317x400.jpg 317w, https:\/\/wp.eddereklam.com\/wp-content\/uploads\/2024\/03\/DJ_SS2024_NWP_PROFIL-634x800.jpg 634w, https:\/\/wp.eddereklam.com\/wp-content\/uploads\/2024\/03\/DJ_SS2024_NWP_PROFIL-768x969.jpg 768w\" sizes=\"auto, (max-width: 1000px) 100vw, 1000px\" \/>\t\t\t\t<div class=\"overlay\" style=\"background-color:1\"><\/div>\t\t\t\t\t\t\t<\/div>\n\t\t\t<\/a>\t\t<\/div>\n\n\t\t<div class=\"box-text show-on-hover hover-fade-in text-center is-xlarge\" >\n\t\t\t<div class=\"box-text-inner\">\n\t\t\t\t\n\n\n\n<h1 style=\"background-color:black;\">D&#038;J<\/h1><h4 style=\"background-color:black;\">Exklusiva produkter<\/h4>H\u00e4r hittar du frott\u00e9, hemtextil, b\u00e4ddset och trevliga g\u00e5voset f\u00f6r det goda livet.<\/br>\n\n<a href=\"https:\/\/viewer.joomag.com\/dj-ss2024-nwp-profil\/0944469001701434070\" target=\"_blank\" class=\"button primary is-xsmall box-shadow-4 box-shadow-5-hover\" rel=\"noopener\"  style=\"border-radius:10px;\">\n    <span>TILL KATALOG<\/span>\n  <\/a>\n\n\n\n\t\t\t<\/div>\n\t\t<\/div>\n\t<\/div>\n\t\n\n\t\t<\/div>\n\t\t\t\t\t<\/div>\n\n\t\n\n\t<div id=\"col-1670581137\" class=\"col medium-4 small-12 large-4\"  >\n\t\t\t\t<div class=\"col-inner\"  >\n\t\t\t\n\t\t\t\n\n\t<div class=\"box has-hover   has-hover box-overlay dark box-text-bottom\" >\n\n\t\t<div class=\"box-image\" >\n\t\t\t<a href=\"https:\/\/viewer.joomag.com\/kostaboda-onstock-ss24\/0145870001702890349?short&\" target=\"_blank\" rel=\"noopener\" >\t\t\t<div class=\"image-cover\" style=\"padding-top:600px;\">\n\t\t\t\t<img loading=\"lazy\" decoding=\"async\" width=\"1696\" height=\"2239\" src=\"https:\/\/wp.eddereklam.com\/wp-content\/uploads\/2024\/03\/kbss24.jpg\" class=\"attachment-original size-original\" alt=\"\" srcset=\"https:\/\/wp.eddereklam.com\/wp-content\/uploads\/2024\/03\/kbss24.jpg 1696w, https:\/\/wp.eddereklam.com\/wp-content\/uploads\/2024\/03\/kbss24-600x792.jpg 600w, https:\/\/wp.eddereklam.com\/wp-content\/uploads\/2024\/03\/kbss24-303x400.jpg 303w, https:\/\/wp.eddereklam.com\/wp-content\/uploads\/2024\/03\/kbss24-606x800.jpg 606w, https:\/\/wp.eddereklam.com\/wp-content\/uploads\/2024\/03\/kbss24-768x1014.jpg 768w, https:\/\/wp.eddereklam.com\/wp-content\/uploads\/2024\/03\/kbss24-1163x1536.jpg 1163w, https:\/\/wp.eddereklam.com\/wp-content\/uploads\/2024\/03\/kbss24-1551x2048.jpg 1551w\" sizes=\"auto, (max-width: 1696px) 100vw, 1696px\" \/>\t\t\t\t<div class=\"overlay\" style=\"background-color:1\"><\/div>\t\t\t\t\t\t\t<\/div>\n\t\t\t<\/a>\t\t<\/div>\n\n\t\t<div class=\"box-text show-on-hover hover-fade-in text-center is-xlarge\" >\n\t\t\t<div class=\"box-text-inner\">\n\t\t\t\t\n\n\n\n<h1 style=\"background-color:black;\">Kosta Boda<\/h1><h4>H\u00e4r finner du hela Kosta Bodas sortiment, allt fr\u00e5n bruksglas till vaser, sk\u00e5lar och glaskonst.<\/br>\n\n<a href=\"https:\/\/viewer.joomag.com\/kostaboda-onstock-ss24\/0145870001702890349?short&#038;\" target=\"_blank\" class=\"button primary is-xsmall box-shadow-4 box-shadow-5-hover\" rel=\"noopener\"  style=\"border-radius:10px;\">\n    <span>TILL KATALOG<\/span>\n  <\/a>\n\n\n\n\t\t\t<\/div>\n\t\t<\/div>\n\t<\/div>\n\t\n\n\t\t<\/div>\n\t\t\t\t\t<\/div>\n\n\t\n\n\t<div id=\"col-1301435638\" class=\"col medium-4 small-12 large-4\"  >\n\t\t\t\t<div class=\"col-inner\"  >\n\t\t\t\n\t\t\t\n\n\t<div class=\"box has-hover   has-hover box-overlay dark box-text-bottom\" >\n\n\t\t<div class=\"box-image\" >\n\t\t\t<a href=\"https:\/\/viewer.joomag.com\/orrefors-onstock-ss24\/0510192001702886467?short&\" target=\"_blank\" rel=\"noopener\" >\t\t\t<div class=\"image-cover\" style=\"padding-top:600px;\">\n\t\t\t\t<img loading=\"lazy\" decoding=\"async\" width=\"1696\" height=\"2238\" src=\"https:\/\/wp.eddereklam.com\/wp-content\/uploads\/2024\/03\/okbss24.jpg\" class=\"attachment-original size-original\" alt=\"\" srcset=\"https:\/\/wp.eddereklam.com\/wp-content\/uploads\/2024\/03\/okbss24.jpg 1696w, https:\/\/wp.eddereklam.com\/wp-content\/uploads\/2024\/03\/okbss24-600x792.jpg 600w, https:\/\/wp.eddereklam.com\/wp-content\/uploads\/2024\/03\/okbss24-303x400.jpg 303w, https:\/\/wp.eddereklam.com\/wp-content\/uploads\/2024\/03\/okbss24-606x800.jpg 606w, https:\/\/wp.eddereklam.com\/wp-content\/uploads\/2024\/03\/okbss24-768x1013.jpg 768w, https:\/\/wp.eddereklam.com\/wp-content\/uploads\/2024\/03\/okbss24-1164x1536.jpg 1164w, https:\/\/wp.eddereklam.com\/wp-content\/uploads\/2024\/03\/okbss24-1552x2048.jpg 1552w\" sizes=\"auto, (max-width: 1696px) 100vw, 1696px\" \/>\t\t\t\t<div class=\"overlay\" style=\"background-color:1\"><\/div>\t\t\t\t\t\t\t<\/div>\n\t\t\t<\/a>\t\t<\/div>\n\n\t\t<div class=\"box-text show-on-hover hover-fade-in text-center is-xlarge\" >\n\t\t\t<div class=\"box-text-inner\">\n\t\t\t\t\n\n\n\n<h1 style=\"background-color:black;\">Orrefors<\/h1><h4>H\u00e4r finner du Orrefors sortiment, allt fr\u00e5n glas till vaser, sk\u00e5lar och konst.\n\n<\/br>\n\n<a href=\"https:\/\/viewer.joomag.com\/orrefors-onstock-ss24\/0510192001702886467?short&#038;\" target=\"_blank\" class=\"button primary is-xsmall box-shadow-4 box-shadow-5-hover\" rel=\"noopener\"  style=\"border-radius:10px;\">\n    <span>TILL KATALOG<\/span>\n  <\/a>\n\n\n\n\t\t\t<\/div>\n\t\t<\/div>\n\t<\/div>\n\t\n\n\t\t<\/div>\n\t\t\t\t\t<\/div>\n\n\t\n\n\t<div id=\"col-850967337\" class=\"col medium-4 small-12 large-4\"  >\n\t\t\t\t<div class=\"col-inner\"  >\n\t\t\t\n\t\t\t\n\n\t<div class=\"box has-hover   has-hover box-overlay dark box-text-bottom\" >\n\n\t\t<div class=\"box-image\" >\n\t\t\t<a href=\"https:\/\/viewer.joomag.com\/the-perfect-gift-ss24-the-perfect-gift-ss24\/0421807001702641745?short&\" target=\"_blank\" rel=\"noopener\" >\t\t\t<div class=\"image-cover\" style=\"padding-top:600px;\">\n\t\t\t\t<img loading=\"lazy\" decoding=\"async\" width=\"1696\" height=\"2415\" src=\"https:\/\/wp.eddereklam.com\/wp-content\/uploads\/2024\/03\/sagaformss24-1.jpg\" class=\"attachment-original size-original\" alt=\"\" srcset=\"https:\/\/wp.eddereklam.com\/wp-content\/uploads\/2024\/03\/sagaformss24-1.jpg 1696w, https:\/\/wp.eddereklam.com\/wp-content\/uploads\/2024\/03\/sagaformss24-1-600x854.jpg 600w, https:\/\/wp.eddereklam.com\/wp-content\/uploads\/2024\/03\/sagaformss24-1-281x400.jpg 281w, https:\/\/wp.eddereklam.com\/wp-content\/uploads\/2024\/03\/sagaformss24-1-562x800.jpg 562w, https:\/\/wp.eddereklam.com\/wp-content\/uploads\/2024\/03\/sagaformss24-1-768x1094.jpg 768w, https:\/\/wp.eddereklam.com\/wp-content\/uploads\/2024\/03\/sagaformss24-1-1079x1536.jpg 1079w, https:\/\/wp.eddereklam.com\/wp-content\/uploads\/2024\/03\/sagaformss24-1-1438x2048.jpg 1438w\" sizes=\"auto, (max-width: 1696px) 100vw, 1696px\" \/>\t\t\t\t<div class=\"overlay\" style=\"background-color:1\"><\/div>\t\t\t\t\t\t\t<\/div>\n\t\t\t<\/a>\t\t<\/div>\n\n\t\t<div class=\"box-text show-on-hover hover-fade-in text-center is-xlarge\" >\n\t\t\t<div class=\"box-text-inner\">\n\t\t\t\t\n\n\n\n<h1 style=\"background-color:black;\"> Sagaform<\/h1><h4>G\u00e5vor fr\u00e5n Sagaform och bra profilprodukter till dina event b\u00e5de ute och inne.\n\n<\/br>\n\n<a href=\"https:\/\/viewer.joomag.com\/the-perfect-gift-ss24-the-perfect-gift-ss24\/0421807001702641745?short&#038;\" target=\"_blank\" class=\"button primary is-xsmall box-shadow-4 box-shadow-5-hover\" rel=\"noopener\"  style=\"border-radius:10px;\">\n    <span>TILL KATALOG<\/span>\n  <\/a>\n\n\n\n\t\t\t<\/div>\n\t\t<\/div>\n\t<\/div>\n\t\n\n\t\t<\/div>\n\t\t\t\t\t<\/div>\n\n\t\n\n\t<div id=\"col-542205753\" class=\"col medium-4 small-12 large-4\"  >\n\t\t\t\t<div class=\"col-inner\"  >\n\t\t\t\n\t\t\t\n\n\t<div class=\"box has-hover   has-hover box-overlay dark box-text-bottom\" >\n\n\t\t<div class=\"box-image\" >\n\t\t\t<a href=\"https:\/\/viewer.joomag.com\/sagaform-profilpriser-ss24\/0209536001703679763?short&\" target=\"_blank\" rel=\"noopener\" >\t\t\t<div class=\"image-cover\" style=\"padding-top:600px;\">\n\t\t\t\t<img loading=\"lazy\" decoding=\"async\" width=\"1696\" height=\"2234\" src=\"https:\/\/wp.eddereklam.com\/wp-content\/uploads\/2024\/03\/sagaformprofilss24.jpg\" class=\"attachment-original size-original\" alt=\"\" srcset=\"https:\/\/wp.eddereklam.com\/wp-content\/uploads\/2024\/03\/sagaformprofilss24.jpg 1696w, https:\/\/wp.eddereklam.com\/wp-content\/uploads\/2024\/03\/sagaformprofilss24-600x790.jpg 600w, https:\/\/wp.eddereklam.com\/wp-content\/uploads\/2024\/03\/sagaformprofilss24-304x400.jpg 304w, https:\/\/wp.eddereklam.com\/wp-content\/uploads\/2024\/03\/sagaformprofilss24-607x800.jpg 607w, https:\/\/wp.eddereklam.com\/wp-content\/uploads\/2024\/03\/sagaformprofilss24-768x1012.jpg 768w, https:\/\/wp.eddereklam.com\/wp-content\/uploads\/2024\/03\/sagaformprofilss24-1166x1536.jpg 1166w, https:\/\/wp.eddereklam.com\/wp-content\/uploads\/2024\/03\/sagaformprofilss24-1555x2048.jpg 1555w\" sizes=\"auto, (max-width: 1696px) 100vw, 1696px\" \/>\t\t\t\t<div class=\"overlay\" style=\"background-color:1\"><\/div>\t\t\t\t\t\t\t<\/div>\n\t\t\t<\/a>\t\t<\/div>\n\n\t\t<div class=\"box-text show-on-hover hover-fade-in text-center is-xlarge\" >\n\t\t\t<div class=\"box-text-inner\">\n\t\t\t\t\n\n\n\n<h1 style=\"background-color:black;\"> Sagaform Profilering<\/h1><h4>G\u00e5vor fr\u00e5n Sagaform och bra profilprodukter till dina event b\u00e5de ute och inne.\n\n<\/br>\n\n<a href=\"https:\/\/viewer.joomag.com\/sagaform-profilpriser-ss24\/0209536001703679763?short&#038;\" target=\"_blank\" class=\"button primary is-xsmall box-shadow-4 box-shadow-5-hover\" rel=\"noopener\"  style=\"border-radius:10px;\">\n    <span>TILL KATALOG<\/span>\n  <\/a>\n\n\n\n\t\t\t<\/div>\n\t\t<\/div>\n\t<\/div>\n\t\n\n\t\t<\/div>\n\t\t\t\t\t<\/div>\n\n\t\n\n\t<div id=\"col-852782998\" class=\"col medium-4 small-12 large-4\"  >\n\t\t\t\t<div class=\"col-inner\"  >\n\t\t\t\n\t\t\t\n\n\t<div class=\"box has-hover   has-hover box-overlay dark box-text-bottom\" >\n\n\t\t<div class=\"box-image\" >\n\t\t\t<a href=\"https:\/\/stilo.se\/wp-content\/uploads\/stilo-promotion-se-2024\/\" target=\"_blank\" rel=\"noopener\" >\t\t\t<div class=\"image-cover\" style=\"padding-top:600px;\">\n\t\t\t\t<img loading=\"lazy\" decoding=\"async\" width=\"1158\" height=\"1648\" src=\"https:\/\/wp.eddereklam.com\/wp-content\/uploads\/2024\/03\/Skarmavbild-2024-03-22-kl.-09.46.19.png\" class=\"attachment-original size-original\" alt=\"\" srcset=\"https:\/\/wp.eddereklam.com\/wp-content\/uploads\/2024\/03\/Skarmavbild-2024-03-22-kl.-09.46.19.png 1158w, https:\/\/wp.eddereklam.com\/wp-content\/uploads\/2024\/03\/Skarmavbild-2024-03-22-kl.-09.46.19-600x854.png 600w, https:\/\/wp.eddereklam.com\/wp-content\/uploads\/2024\/03\/Skarmavbild-2024-03-22-kl.-09.46.19-281x400.png 281w, https:\/\/wp.eddereklam.com\/wp-content\/uploads\/2024\/03\/Skarmavbild-2024-03-22-kl.-09.46.19-562x800.png 562w, https:\/\/wp.eddereklam.com\/wp-content\/uploads\/2024\/03\/Skarmavbild-2024-03-22-kl.-09.46.19-768x1093.png 768w, https:\/\/wp.eddereklam.com\/wp-content\/uploads\/2024\/03\/Skarmavbild-2024-03-22-kl.-09.46.19-1079x1536.png 1079w\" sizes=\"auto, (max-width: 1158px) 100vw, 1158px\" \/>\t\t\t\t<div class=\"overlay\" style=\"background-color:1\"><\/div>\t\t\t\t\t\t\t<\/div>\n\t\t\t<\/a>\t\t<\/div>\n\n\t\t<div class=\"box-text show-on-hover hover-fade-in text-center is-xlarge\" >\n\t\t\t<div class=\"box-text-inner\">\n\t\t\t\t\n\n\n\n<h1 style=\"background-color:black;\"> Stilo Promotion<\/h1><h4>\nSTILO lagerf\u00f6r en m\u00e4ngd olika produkter s\u00e5som:\nkulspets- och blyertspennor, giveaways och presenter.\nGenom Edde Reklam AB kan ni handla alla Stilo produkter, b\u00e5de Promotion  och Gifts artiklar.\n\n<\/br>\n\n<a href=\"https:\/\/stilo.se\/wp-content\/uploads\/stilo-promotion-se-2024\/\" target=\"_blank\" class=\"button primary is-xsmall box-shadow-4 box-shadow-5-hover\" rel=\"noopener\"  style=\"border-radius:10px;\">\n    <span>TILL KATALOG<\/span>\n  <\/a>\n\n\n\n\t\t\t<\/div>\n\t\t<\/div>\n\t<\/div>\n\t\n\n\t\t<\/div>\n\t\t\t\t\t<\/div>\n\n\t\n\n\t<div id=\"col-829971077\" class=\"col medium-4 small-12 large-4\"  >\n\t\t\t\t<div class=\"col-inner\"  >\n\t\t\t\n\t\t\t\n\n\t<div class=\"box has-hover   has-hover box-overlay dark box-text-bottom\" >\n\n\t\t<div class=\"box-image\" >\n\t\t\t<a href=\"https:\/\/stilo.se\/wp-content\/uploads\/stilo-gifts-se-2024\/\" target=\"_blank\" rel=\"noopener\" >\t\t\t<div class=\"image-cover\" style=\"padding-top:600px;\">\n\t\t\t\t<img loading=\"lazy\" decoding=\"async\" width=\"1152\" height=\"1648\" src=\"https:\/\/wp.eddereklam.com\/wp-content\/uploads\/2024\/03\/Skarmavbild-2024-03-23-kl.-16.30.55.png\" class=\"attachment-original size-original\" alt=\"\" srcset=\"https:\/\/wp.eddereklam.com\/wp-content\/uploads\/2024\/03\/Skarmavbild-2024-03-23-kl.-16.30.55.png 1152w, https:\/\/wp.eddereklam.com\/wp-content\/uploads\/2024\/03\/Skarmavbild-2024-03-23-kl.-16.30.55-600x858.png 600w, https:\/\/wp.eddereklam.com\/wp-content\/uploads\/2024\/03\/Skarmavbild-2024-03-23-kl.-16.30.55-280x400.png 280w, https:\/\/wp.eddereklam.com\/wp-content\/uploads\/2024\/03\/Skarmavbild-2024-03-23-kl.-16.30.55-559x800.png 559w, https:\/\/wp.eddereklam.com\/wp-content\/uploads\/2024\/03\/Skarmavbild-2024-03-23-kl.-16.30.55-768x1099.png 768w, https:\/\/wp.eddereklam.com\/wp-content\/uploads\/2024\/03\/Skarmavbild-2024-03-23-kl.-16.30.55-1074x1536.png 1074w\" sizes=\"auto, (max-width: 1152px) 100vw, 1152px\" \/>\t\t\t\t<div class=\"overlay\" style=\"background-color:1\"><\/div>\t\t\t\t\t\t\t<\/div>\n\t\t\t<\/a>\t\t<\/div>\n\n\t\t<div class=\"box-text show-on-hover hover-fade-in text-center is-xlarge\" >\n\t\t\t<div class=\"box-text-inner\">\n\t\t\t\t\n\n\n\n<h1 style=\"background-color:black;\"> Stilo Gifts<\/h1><h4>\nSTILO lagerf\u00f6r en m\u00e4ngd olika produkter s\u00e5som:\nkulspets- och blyertspennor, giveaways och presenter.\nGenom Edde Reklam AB kan ni handla alla Stilo produkter, b\u00e5de Promotion  och Gifts artiklar.\n\n<\/br>\n\n<a href=\"https:\/\/stilo.se\/wp-content\/uploads\/stilo-gifts-se-2024\/\" target=\"_blank\" class=\"button primary is-xsmall box-shadow-4 box-shadow-5-hover\" rel=\"noopener\"  style=\"border-radius:10px;\">\n    <span>TILL KATALOG<\/span>\n  <\/a>\n\n\n\n\t\t\t<\/div>\n\t\t<\/div>\n\t<\/div>\n\t\n\n\t\t<\/div>\n\t\t\t\t\t<\/div>\n\n\t\n\n<\/div>\n\n\t\t<\/div>\n\n\t\t\n<style>\n#section_1173902821 {\n  padding-top: 30px;\n  padding-bottom: 30px;\n}\n<\/style>\n\t<\/section>\n\t\n\n","protected":false},"excerpt":{"rendered":"","protected":false},"author":1,"featured_media":0,"parent":0,"menu_order":0,"comment_status":"closed","ping_status":"closed","template":"","meta":{"footnotes":""},"class_list":["post-979","page","type-page","status-publish","hentry"],"_links":{"self":[{"href":"https:\/\/wp.eddereklam.com\/index.php?rest_route=\/wp\/v2\/pages\/979","targetHints":{"allow":["GET"]}}],"collection":[{"href":"https:\/\/wp.eddereklam.com\/index.php?rest_route=\/wp\/v2\/pages"}],"about":[{"href":"https:\/\/wp.eddereklam.com\/index.php?rest_route=\/wp\/v2\/types\/page"}],"author":[{"embeddable":true,"href":"https:\/\/wp.eddereklam.com\/index.php?rest_route=\/wp\/v2\/users\/1"}],"replies":[{"embeddable":true,"href":"https:\/\/wp.eddereklam.com\/index.php?rest_route=%2Fwp%2Fv2%2Fcomments&post=979"}],"version-history":[{"count":111,"href":"https:\/\/wp.eddereklam.com\/index.php?rest_route=\/wp\/v2\/pages\/979\/revisions"}],"predecessor-version":[{"id":1338,"href":"https:\/\/wp.eddereklam.com\/index.php?rest_route=\/wp\/v2\/pages\/979\/revisions\/1338"}],"wp:attachment":[{"href":"https:\/\/wp.eddereklam.com\/index.php?rest_route=%2Fwp%2Fv2%2Fmedia&parent=979"}],"curies":[{"name":"wp","href":"https:\/\/api.w.org\/{rel}","templated":true}]}}