{"id":92,"date":"2023-08-11T19:17:44","date_gmt":"2023-08-11T19:17:44","guid":{"rendered":"http:\/\/localhost:8888\/test\/?page_id=530"},"modified":"2024-04-01T12:53:04","modified_gmt":"2024-04-01T12:53:04","slug":"mascot-2","status":"publish","type":"page","link":"https:\/\/wp.eddereklam.com\/?page_id=92","title":{"rendered":"MASCOT"},"content":{"rendered":"\n\t<section class=\"section\" id=\"section_1729672866\">\n\t\t<div class=\"bg section-bg fill bg-fill  bg-loaded\" >\n\n\t\t\t\n\t\t\t\n\t\t\t\n\n\t\t<\/div>\n\n\t\t\n\n\t\t<div class=\"section-content relative\">\n\t\t\t\n\n\t<div id=\"text-3664834668\" class=\"text\">\n\t\t\n\n<h1><strong>MASCOT<\/strong><span style=\"font-size: 60%;\">\u00ae<\/span><\/h1>\n<p>WORKWEAR<\/p>\n\n\t\t\n<style>\n#text-3664834668 {\n  font-size: 3.35rem;\n  text-align: center;\n}\n<\/style>\n\t<\/div>\n\t\n<div class=\"row\"  id=\"row-1933399161\">\n\n\n\t<div id=\"col-1294028774\" class=\"col small-12 large-12\"  >\n\t\t\t\t<div class=\"col-inner\"  >\n\t\t\t\n\t\t\t\n\n<p>Med ett brett sortiment, bra priser och stor kunskap hj\u00e4lper vi dig som \u00e4r ute efter professionella och h\u00f6gkvalitativa arbetskl\u00e4der. Hitta inspiration till arbetskl\u00e4der, skyddsskor och tillbeh\u00f6r i de olika MASCOT-katalogerna. I MASCOTs huvudkatalog hittar du aktuella produkter och information om t.ex. certifieringar, kvaliteter f\u00f6r textilier och till\u00e4mpningsomr\u00e5den. Letar du efter n\u00e5got speciellt inom omr\u00e5det arbetskl\u00e4der och skyddsskor eller tillbeh\u00f6r inom en specifik bransch, specifika produkttyper som t.ex. strumpor och underkl\u00e4der, eller n\u00e5gon annan produkt med specifik funktion, s\u00e5 titta i n\u00e5gon av v\u00e5ra specialbroschyrer.<\/p>\n\n\t\t<\/div>\n\t\t\t\t\t<\/div>\n\n\t\n\n<\/div>\n\n\t\t<\/div>\n\n\t\t\n<style>\n#section_1729672866 {\n  padding-top: 0px;\n  padding-bottom: 0px;\n  min-height: 300px;\n  background-color: #eef1f2;\n}\n<\/style>\n\t<\/section>\n\t\n\t<section class=\"section\" id=\"section_390171673\">\n\t\t<div class=\"bg section-bg fill bg-fill  bg-loaded\" >\n\n\t\t\t\n\t\t\t\n\t\t\t\n\t<div class=\"is-border\"\n\t\tstyle=\"border-color:rgb(235, 235, 235);border-width:1px 0px 0px 0px;\">\n\t<\/div>\n\n\t\t<\/div>\n\n\t\t\n\n\t\t<div class=\"section-content relative\">\n\t\t\t\n\n<div class=\"row row-small row-full-width align-equal row-box-shadow-2 row-box-shadow-3-hover\"  id=\"row-1819035535\">\n\n\n\t<div id=\"col-1637052668\" class=\"col medium-4 small-12 large-4\"  >\n\t\t\t\t<div class=\"col-inner\" style=\"background-color:rgb(255,255,255);\" >\n\t\t\t\n\t\t\t\n\n\t<div class=\"box has-hover   has-hover box-text-bottom\" >\n\n\t\t<div class=\"box-image\" >\n\t\t\t<a href=\"https:\/\/papers.mascot.dk\/mascot\/dk\/advancedbrochure\/\" target=\"_blank\" rel=\"noopener\" >\t\t\t<div class=\"\" >\n\t\t\t\t<img loading=\"lazy\" decoding=\"async\" width=\"703\" height=\"995\" src=\"https:\/\/wp.eddereklam.com\/wp-content\/uploads\/2024\/03\/Normal-2.jpg\" class=\"attachment- size-\" alt=\"\" srcset=\"https:\/\/wp.eddereklam.com\/wp-content\/uploads\/2024\/03\/Normal-2.jpg 703w, https:\/\/wp.eddereklam.com\/wp-content\/uploads\/2024\/03\/Normal-2-600x849.jpg 600w, https:\/\/wp.eddereklam.com\/wp-content\/uploads\/2024\/03\/Normal-2-283x400.jpg 283w, https:\/\/wp.eddereklam.com\/wp-content\/uploads\/2024\/03\/Normal-2-565x800.jpg 565w\" sizes=\"auto, (max-width: 703px) 100vw, 703px\" \/>\t\t\t\t\t\t\t\t\t\t\t<\/div>\n\t\t\t<\/a>\t\t<\/div>\n\n\t\t<div class=\"box-text text-center\" >\n\t\t\t<div class=\"box-text-inner\">\n\t\t\t\t\n\n<h2><span style=\"font-size: 100%;\"><strong>MASCOT<\/strong>\u00ae ADVANCED<\/span><\/h2>\n\n\n\t\t\t<\/div>\n\t\t<\/div>\n\t<\/div>\n\t\n\n\t\t<\/div>\n\t\t\t\t\t<\/div>\n\n\t\n\n\t<div id=\"col-1347245975\" class=\"col medium-4 small-12 large-4\"  >\n\t\t\t\t<div class=\"col-inner\" style=\"background-color:rgb(255,255,255);\" >\n\t\t\t\n\t\t\t\n\n\t<div class=\"box has-hover   has-hover box-text-bottom\" >\n\n\t\t<div class=\"box-image\" >\n\t\t\t<a href=\"https:\/\/papers.mascot.dk\/mascot\/dk\/brochure-customized\/\" target=\"_blank\" rel=\"noopener\" >\t\t\t<div class=\"\" >\n\t\t\t\t<img loading=\"lazy\" decoding=\"async\" width=\"703\" height=\"995\" src=\"https:\/\/wp.eddereklam.com\/wp-content\/uploads\/2024\/03\/Normal.jpg\" class=\"attachment- size-\" alt=\"\" srcset=\"https:\/\/wp.eddereklam.com\/wp-content\/uploads\/2024\/03\/Normal.jpg 703w, https:\/\/wp.eddereklam.com\/wp-content\/uploads\/2024\/03\/Normal-600x849.jpg 600w, https:\/\/wp.eddereklam.com\/wp-content\/uploads\/2024\/03\/Normal-283x400.jpg 283w, https:\/\/wp.eddereklam.com\/wp-content\/uploads\/2024\/03\/Normal-565x800.jpg 565w\" sizes=\"auto, (max-width: 703px) 100vw, 703px\" \/>\t\t\t\t\t\t\t\t\t\t\t<\/div>\n\t\t\t<\/a>\t\t<\/div>\n\n\t\t<div class=\"box-text text-center\" >\n\t\t\t<div class=\"box-text-inner\">\n\t\t\t\t\n\n<h2><span style=\"font-size: 100%;\"><strong>MASCOT<\/strong>\u00ae CUSTOMIZED<\/span><\/h2>\n\n\t\t\t<\/div>\n\t\t<\/div>\n\t<\/div>\n\t\n\n\t\t<\/div>\n\t\t\t\t\t<\/div>\n\n\t\n\n\t<div id=\"col-647425615\" class=\"col medium-4 small-12 large-4\"  >\n\t\t\t\t<div class=\"col-inner\" style=\"background-color:rgb(255,255,255);\" >\n\t\t\t\n\t\t\t\n\n\t<div class=\"box has-hover   has-hover box-text-bottom\" >\n\n\t\t<div class=\"box-image\" >\n\t\t\t<a href=\"https:\/\/papers.mascot.dk\/mascot\/dk\/acceleratebrochure\/\" target=\"_blank\" rel=\"noopener\" >\t\t\t<div class=\"\" >\n\t\t\t\t<img loading=\"lazy\" decoding=\"async\" width=\"703\" height=\"995\" src=\"https:\/\/wp.eddereklam.com\/wp-content\/uploads\/2024\/03\/Normal-1.jpg\" class=\"attachment- size-\" alt=\"\" srcset=\"https:\/\/wp.eddereklam.com\/wp-content\/uploads\/2024\/03\/Normal-1.jpg 703w, https:\/\/wp.eddereklam.com\/wp-content\/uploads\/2024\/03\/Normal-1-600x849.jpg 600w, https:\/\/wp.eddereklam.com\/wp-content\/uploads\/2024\/03\/Normal-1-283x400.jpg 283w, https:\/\/wp.eddereklam.com\/wp-content\/uploads\/2024\/03\/Normal-1-565x800.jpg 565w\" sizes=\"auto, (max-width: 703px) 100vw, 703px\" \/>\t\t\t\t\t\t\t\t\t\t\t<\/div>\n\t\t\t<\/a>\t\t<\/div>\n\n\t\t<div class=\"box-text text-center\" >\n\t\t\t<div class=\"box-text-inner\">\n\t\t\t\t\n\n<h2><span style=\"font-size: 100%;\"><strong>MASCOT<\/strong>\u00ae ACCELERATE<\/span><\/h2>\n\n\t\t\t<\/div>\n\t\t<\/div>\n\t<\/div>\n\t\n\n\t\t<\/div>\n\t\t\t\t\t<\/div>\n\n\t\n\n\t<div id=\"col-1014068843\" class=\"col medium-4 small-12 large-4\"  >\n\t\t\t\t<div class=\"col-inner\" style=\"background-color:rgb(255,255,255);\" >\n\t\t\t\n\t\t\t\n\n\t<div class=\"box has-hover   has-hover box-text-bottom\" >\n\n\t\t<div class=\"box-image\" >\n\t\t\t<a href=\"https:\/\/papers.mascot.dk\/mascot\/dk\/uniquekatalog\/\" target=\"_blank\" rel=\"noopener\" >\t\t\t<div class=\"\" >\n\t\t\t\t<img loading=\"lazy\" decoding=\"async\" width=\"703\" height=\"995\" src=\"https:\/\/wp.eddereklam.com\/wp-content\/uploads\/2024\/03\/Normal-3.jpg\" class=\"attachment- size-\" alt=\"\" srcset=\"https:\/\/wp.eddereklam.com\/wp-content\/uploads\/2024\/03\/Normal-3.jpg 703w, https:\/\/wp.eddereklam.com\/wp-content\/uploads\/2024\/03\/Normal-3-600x849.jpg 600w, https:\/\/wp.eddereklam.com\/wp-content\/uploads\/2024\/03\/Normal-3-283x400.jpg 283w, https:\/\/wp.eddereklam.com\/wp-content\/uploads\/2024\/03\/Normal-3-565x800.jpg 565w\" sizes=\"auto, (max-width: 703px) 100vw, 703px\" \/>\t\t\t\t\t\t\t\t\t\t\t<\/div>\n\t\t\t<\/a>\t\t<\/div>\n\n\t\t<div class=\"box-text text-center\" >\n\t\t\t<div class=\"box-text-inner\">\n\t\t\t\t\n\n<h2><span style=\"font-size: 100%;\"><strong>MASCOT<\/strong>\u00ae UNIQUE<\/span><\/h2>\n\n\t\t\t<\/div>\n\t\t<\/div>\n\t<\/div>\n\t\n\n\t\t<\/div>\n\t\t\t\t\t<\/div>\n\n\t\n\n\t<div id=\"col-1860365026\" class=\"col medium-4 small-12 large-4\"  >\n\t\t\t\t<div class=\"col-inner\" style=\"background-color:rgb(255,255,255);\" >\n\t\t\t\n\t\t\t\n\n\t<div class=\"box has-hover   has-hover box-text-bottom\" >\n\n\t\t<div class=\"box-image\" >\n\t\t\t<a href=\"https:\/\/papers.mascot.dk\/mascot\/dk\/safebrochure\/\" target=\"_blank\" rel=\"noopener\" >\t\t\t<div class=\"\" >\n\t\t\t\t<img loading=\"lazy\" decoding=\"async\" width=\"703\" height=\"995\" src=\"https:\/\/wp.eddereklam.com\/wp-content\/uploads\/2024\/03\/Normal-5.jpg\" class=\"attachment- size-\" alt=\"\" srcset=\"https:\/\/wp.eddereklam.com\/wp-content\/uploads\/2024\/03\/Normal-5.jpg 703w, https:\/\/wp.eddereklam.com\/wp-content\/uploads\/2024\/03\/Normal-5-600x849.jpg 600w, https:\/\/wp.eddereklam.com\/wp-content\/uploads\/2024\/03\/Normal-5-283x400.jpg 283w, https:\/\/wp.eddereklam.com\/wp-content\/uploads\/2024\/03\/Normal-5-565x800.jpg 565w\" sizes=\"auto, (max-width: 703px) 100vw, 703px\" \/>\t\t\t\t\t\t\t\t\t\t\t<\/div>\n\t\t\t<\/a>\t\t<\/div>\n\n\t\t<div class=\"box-text text-center\" >\n\t\t\t<div class=\"box-text-inner\">\n\t\t\t\t\n\n<h2><span style=\"font-size: 100%;\">MASCOT\u00ae SAFE<\/span><\/h2>\n\n\t\t\t<\/div>\n\t\t<\/div>\n\t<\/div>\n\t\n\n\t\t<\/div>\n\t\t\t\t\t<\/div>\n\n\t\n\n\t<div id=\"col-1209428412\" class=\"col medium-4 small-12 large-4\"  >\n\t\t\t\t<div class=\"col-inner\" style=\"background-color:rgb(255,255,255);\" >\n\t\t\t\n\t\t\t\n\n\t<div class=\"box has-hover   has-hover box-text-bottom\" >\n\n\t\t<div class=\"box-image\" >\n\t\t\t<a href=\"https:\/\/papers.mascot.dk\/mascot\/dk\/accelerate-safe-brochure\/\" target=\"_blank\" rel=\"noopener\" >\t\t\t<div class=\"\" >\n\t\t\t\t<img loading=\"lazy\" decoding=\"async\" width=\"703\" height=\"995\" src=\"https:\/\/wp.eddereklam.com\/wp-content\/uploads\/2024\/03\/Normal-4.jpg\" class=\"attachment- size-\" alt=\"\" srcset=\"https:\/\/wp.eddereklam.com\/wp-content\/uploads\/2024\/03\/Normal-4.jpg 703w, https:\/\/wp.eddereklam.com\/wp-content\/uploads\/2024\/03\/Normal-4-600x849.jpg 600w, https:\/\/wp.eddereklam.com\/wp-content\/uploads\/2024\/03\/Normal-4-283x400.jpg 283w, https:\/\/wp.eddereklam.com\/wp-content\/uploads\/2024\/03\/Normal-4-565x800.jpg 565w\" sizes=\"auto, (max-width: 703px) 100vw, 703px\" \/>\t\t\t\t\t\t\t\t\t\t\t<\/div>\n\t\t\t<\/a>\t\t<\/div>\n\n\t\t<div class=\"box-text text-center\" >\n\t\t\t<div class=\"box-text-inner\">\n\t\t\t\t\n\n<h2><span style=\"font-size: 100%;\"><strong>MASCOT<\/strong>\u00aeACCELERATE SAFE<\/span><\/h2>\n\n\t\t\t<\/div>\n\t\t<\/div>\n\t<\/div>\n\t\n\n\t\t<\/div>\n\t\t\t\t\t<\/div>\n\n\t\n\n\t<div id=\"col-1466888203\" class=\"col medium-4 small-12 large-4\"  >\n\t\t\t\t<div class=\"col-inner\" style=\"background-color:rgb(255,255,255);\" >\n\t\t\t\n\t\t\t\n\n\t<div class=\"box has-hover   has-hover box-text-bottom\" >\n\n\t\t<div class=\"box-image\" >\n\t\t\t<a href=\"https:\/\/papers.mascot.dk\/mascot\/dk\/hardwearbrochure\/\" target=\"_blank\" rel=\"noopener\" >\t\t\t<div class=\"\" >\n\t\t\t\t<img loading=\"lazy\" decoding=\"async\" width=\"703\" height=\"995\" src=\"https:\/\/wp.eddereklam.com\/wp-content\/uploads\/2024\/03\/Normal-6.jpg\" class=\"attachment- size-\" alt=\"\" srcset=\"https:\/\/wp.eddereklam.com\/wp-content\/uploads\/2024\/03\/Normal-6.jpg 703w, https:\/\/wp.eddereklam.com\/wp-content\/uploads\/2024\/03\/Normal-6-600x849.jpg 600w, https:\/\/wp.eddereklam.com\/wp-content\/uploads\/2024\/03\/Normal-6-283x400.jpg 283w, https:\/\/wp.eddereklam.com\/wp-content\/uploads\/2024\/03\/Normal-6-565x800.jpg 565w\" sizes=\"auto, (max-width: 703px) 100vw, 703px\" \/>\t\t\t\t\t\t\t\t\t\t\t<\/div>\n\t\t\t<\/a>\t\t<\/div>\n\n\t\t<div class=\"box-text text-center\" >\n\t\t\t<div class=\"box-text-inner\">\n\t\t\t\t\n\n<h2><span style=\"font-size: 100%;\">MASCOT\u00ae HARDWEAR<\/span><\/h2>\n\n\t\t\t<\/div>\n\t\t<\/div>\n\t<\/div>\n\t\n\n\t\t<\/div>\n\t\t\t\t\t<\/div>\n\n\t\n\n\t<div id=\"col-1532659195\" class=\"col medium-4 small-12 large-4\"  >\n\t\t\t\t<div class=\"col-inner\" style=\"background-color:rgb(255,255,255);\" >\n\t\t\t\n\t\t\t\n\n\t<div class=\"box has-hover   has-hover box-text-bottom\" >\n\n\t\t<div class=\"box-image\" >\n\t\t\t<a href=\"https:\/\/papers.mascot.dk\/mascot\/dk\/industrykatalog\/\" target=\"_blank\" rel=\"noopener\" >\t\t\t<div class=\"\" >\n\t\t\t\t<img loading=\"lazy\" decoding=\"async\" width=\"703\" height=\"995\" src=\"https:\/\/wp.eddereklam.com\/wp-content\/uploads\/2024\/03\/Normal-7.jpg\" class=\"attachment- size-\" alt=\"\" srcset=\"https:\/\/wp.eddereklam.com\/wp-content\/uploads\/2024\/03\/Normal-7.jpg 703w, https:\/\/wp.eddereklam.com\/wp-content\/uploads\/2024\/03\/Normal-7-600x849.jpg 600w, https:\/\/wp.eddereklam.com\/wp-content\/uploads\/2024\/03\/Normal-7-283x400.jpg 283w, https:\/\/wp.eddereklam.com\/wp-content\/uploads\/2024\/03\/Normal-7-565x800.jpg 565w\" sizes=\"auto, (max-width: 703px) 100vw, 703px\" \/>\t\t\t\t\t\t\t\t\t\t\t<\/div>\n\t\t\t<\/a>\t\t<\/div>\n\n\t\t<div class=\"box-text text-center\" >\n\t\t\t<div class=\"box-text-inner\">\n\t\t\t\t\n\n<h2><span style=\"font-size: 100%;\">MASCOT\u00ae INDUSTRY<\/span><\/h2>\n\n\t\t\t<\/div>\n\t\t<\/div>\n\t<\/div>\n\t\n\n\t\t<\/div>\n\t\t\t\t\t<\/div>\n\n\t\n\n\t<div id=\"col-66068236\" class=\"col medium-4 small-12 large-4\"  >\n\t\t\t\t<div class=\"col-inner\" style=\"background-color:rgb(255,255,255);\" >\n\t\t\t\n\t\t\t\n\n\t<div class=\"box has-hover   has-hover box-text-bottom\" >\n\n\t\t<div class=\"box-image\" >\n\t\t\t<a href=\"https:\/\/papers.mascot.dk\/mascot\/dk\/brochurefrontlinecorporatewear\/\" target=\"_blank\" rel=\"noopener\" >\t\t\t<div class=\"\" >\n\t\t\t\t<img loading=\"lazy\" decoding=\"async\" width=\"703\" height=\"995\" src=\"https:\/\/wp.eddereklam.com\/wp-content\/uploads\/2024\/03\/Normal-9.jpg\" class=\"attachment- size-\" alt=\"\" srcset=\"https:\/\/wp.eddereklam.com\/wp-content\/uploads\/2024\/03\/Normal-9.jpg 703w, https:\/\/wp.eddereklam.com\/wp-content\/uploads\/2024\/03\/Normal-9-600x849.jpg 600w, https:\/\/wp.eddereklam.com\/wp-content\/uploads\/2024\/03\/Normal-9-283x400.jpg 283w, https:\/\/wp.eddereklam.com\/wp-content\/uploads\/2024\/03\/Normal-9-565x800.jpg 565w\" sizes=\"auto, (max-width: 703px) 100vw, 703px\" \/>\t\t\t\t\t\t\t\t\t\t\t<\/div>\n\t\t\t<\/a>\t\t<\/div>\n\n\t\t<div class=\"box-text text-center\" >\n\t\t\t<div class=\"box-text-inner\">\n\t\t\t\t\n\n<h2><span style=\"font-size: 100%;\">MASCOT\u00ae CORPORATE<\/span><\/h2>\n\n\t\t\t<\/div>\n\t\t<\/div>\n\t<\/div>\n\t\n\n\t\t<\/div>\n\t\t\t\t\t<\/div>\n\n\t\n\n\t<div id=\"col-1452116483\" class=\"col medium-4 small-12 large-4\"  >\n\t\t\t\t<div class=\"col-inner\" style=\"background-color:rgb(255,255,255);\" >\n\t\t\t\n\t\t\t\n\n\t<div class=\"box has-hover   has-hover box-text-bottom\" >\n\n\t\t<div class=\"box-image\" >\n\t\t\t<a href=\"https:\/\/papers.mascot.dk\/mascot\/dk\/mascotfood-care\/\" target=\"_blank\" rel=\"noopener\" >\t\t\t<div class=\"\" >\n\t\t\t\t<img loading=\"lazy\" decoding=\"async\" width=\"703\" height=\"995\" src=\"https:\/\/wp.eddereklam.com\/wp-content\/uploads\/2024\/03\/Normal-10.jpg\" class=\"attachment- size-\" alt=\"\" srcset=\"https:\/\/wp.eddereklam.com\/wp-content\/uploads\/2024\/03\/Normal-10.jpg 703w, https:\/\/wp.eddereklam.com\/wp-content\/uploads\/2024\/03\/Normal-10-600x849.jpg 600w, https:\/\/wp.eddereklam.com\/wp-content\/uploads\/2024\/03\/Normal-10-283x400.jpg 283w, https:\/\/wp.eddereklam.com\/wp-content\/uploads\/2024\/03\/Normal-10-565x800.jpg 565w\" sizes=\"auto, (max-width: 703px) 100vw, 703px\" \/>\t\t\t\t\t\t\t\t\t\t\t<\/div>\n\t\t\t<\/a>\t\t<\/div>\n\n\t\t<div class=\"box-text text-center\" >\n\t\t\t<div class=\"box-text-inner\">\n\t\t\t\t\n\n<h2><span style=\"font-size: 100%;\">MASCOT<span style=\"font-size: 80%;\">\u00ae<\/span> FOOD CARE<\/span><\/h2>\n\n\n\t\t\t<\/div>\n\t\t<\/div>\n\t<\/div>\n\t\n\n\t\t<\/div>\n\t\t\t\t\t<\/div>\n\n\t\n\n\t<div id=\"col-19530533\" class=\"col medium-4 small-12 large-4\"  >\n\t\t\t\t<div class=\"col-inner\" style=\"background-color:rgb(255,255,255);\" >\n\t\t\t\n\t\t\t\n\n\t<div class=\"box has-hover   has-hover box-text-bottom\" >\n\n\t\t<div class=\"box-image\" >\n\t\t\t<a href=\"https:\/\/papers.mascot.dk\/mascot\/dk\/mascot-footwear-clear-and-cover\/\" target=\"_blank\" rel=\"noopener\" >\t\t\t<div class=\"\" >\n\t\t\t\t<img loading=\"lazy\" decoding=\"async\" width=\"703\" height=\"994\" src=\"https:\/\/wp.eddereklam.com\/wp-content\/uploads\/2024\/03\/Normal-11.jpg\" class=\"attachment- size-\" alt=\"\" srcset=\"https:\/\/wp.eddereklam.com\/wp-content\/uploads\/2024\/03\/Normal-11.jpg 703w, https:\/\/wp.eddereklam.com\/wp-content\/uploads\/2024\/03\/Normal-11-600x848.jpg 600w, https:\/\/wp.eddereklam.com\/wp-content\/uploads\/2024\/03\/Normal-11-283x400.jpg 283w, https:\/\/wp.eddereklam.com\/wp-content\/uploads\/2024\/03\/Normal-11-566x800.jpg 566w\" sizes=\"auto, (max-width: 703px) 100vw, 703px\" \/>\t\t\t\t\t\t\t\t\t\t\t<\/div>\n\t\t\t<\/a>\t\t<\/div>\n\n\t\t<div class=\"box-text text-center\" >\n\t\t\t<div class=\"box-text-inner\">\n\t\t\t\t\n\n<h2><span style=\"font-size: 100%;\">MASCOT<span style=\"font-size: 80%;\">\u00ae<\/span> FOOTWEAR<\/span><\/h2>\n\n\n\t\t\t<\/div>\n\t\t<\/div>\n\t<\/div>\n\t\n\n\t\t<\/div>\n\t\t\t\t\t<\/div>\n\n\t\n\n\t<div id=\"col-1745081222\" class=\"col medium-4 small-12 large-4\"  >\n\t\t\t\t<div class=\"col-inner\" style=\"background-color:rgb(255,255,255);\" >\n\t\t\t\n\t\t\t\n\n\t<div class=\"box has-hover   has-hover box-text-bottom\" >\n\n\t\t<div class=\"box-image\" >\n\t\t\t<a href=\"https:\/\/papers.mascot.dk\/mascot\/dk\/mascot-footwear\/\" target=\"_blank\" rel=\"noopener\" >\t\t\t<div class=\"\" >\n\t\t\t\t<img loading=\"lazy\" decoding=\"async\" width=\"703\" height=\"995\" src=\"https:\/\/wp.eddereklam.com\/wp-content\/uploads\/2024\/03\/Normal-12.jpg\" class=\"attachment- size-\" alt=\"\" srcset=\"https:\/\/wp.eddereklam.com\/wp-content\/uploads\/2024\/03\/Normal-12.jpg 703w, https:\/\/wp.eddereklam.com\/wp-content\/uploads\/2024\/03\/Normal-12-600x849.jpg 600w, https:\/\/wp.eddereklam.com\/wp-content\/uploads\/2024\/03\/Normal-12-283x400.jpg 283w, https:\/\/wp.eddereklam.com\/wp-content\/uploads\/2024\/03\/Normal-12-565x800.jpg 565w\" sizes=\"auto, (max-width: 703px) 100vw, 703px\" \/>\t\t\t\t\t\t\t\t\t\t\t<\/div>\n\t\t\t<\/a>\t\t<\/div>\n\n\t\t<div class=\"box-text text-center\" >\n\t\t\t<div class=\"box-text-inner\">\n\t\t\t\t\n\n<h2><span style=\"font-size: 100%;\">MASCOT<span style=\"font-size: 80%;\">\u00ae<\/span> FOOTWEAR<\/span><\/h2>\n\n\n\t\t\t<\/div>\n\t\t<\/div>\n\t<\/div>\n\t\n\n\t\t<\/div>\n\t\t\t\t\t<\/div>\n\n\t\n\n<\/div>\n\n\t\t<\/div>\n\n\t\t\n<style>\n#section_390171673 {\n  padding-top: 30px;\n  padding-bottom: 30px;\n  background-color: #eef1f2;\n}\n<\/style>\n\t<\/section>\n\t\n\t<section class=\"section\" id=\"section_2068774780\">\n\t\t<div class=\"bg section-bg fill bg-fill  bg-loaded\" >\n\n\t\t\t\n\t\t\t\n\t\t\t\n\n\t\t<\/div>\n\n\t\t\n\n\t\t<div class=\"section-content relative\">\n\t\t\t\n\n<div class=\"row\"  id=\"row-755616038\">\n\n\n\t<div id=\"col-1100836889\" class=\"col small-12 large-12\"  >\n\t\t\t\t<div class=\"col-inner\"  >\n\t\t\t\n\t\t\t\n\n\t<div id=\"text-341838111\" class=\"text\">\n\t\t\n\n<h2><span style=\"font-size: 100%;\"><strong>MASCOT<\/strong><span style=\"font-size: 60%;\">\u00ae<\/span>\u00a0KATALOG<\/span><\/h2>\n\n\t\t\n<style>\n#text-341838111 {\n  font-size: 2.85rem;\n  text-align: center;\n}\n<\/style>\n\t<\/div>\n\t\n\t<div id=\"text-109750989\" class=\"text\">\n\t\t\n\n<p>Hitta inspiration till arbetskl\u00e4der, skyddsskor och accessoarer v\u00e5ra MASCOT-katalogerna.<\/p>\n<p>I MASCOTs huvudkatalog hittar du alla aktuella produkter samt information om t ex certifieringar, tygkvaliteter och m\u00f6jliga anv\u00e4ndningsomr\u00e5den. Om du d\u00e4remot letar efter kl\u00e4der, skor eller accessoarer f\u00f6r en viss bransch, vissa produkttyper, som strumpor och underkl\u00e4der, eller kl\u00e4der med vissa funktioner, titta d\u00e5 i n\u00e5gon av v\u00e5ra m\u00e5nga mindre specialbroschyrer.<\/p>\n<p>Varje katalog har mer grundliga f\u00f6rklaringar av speciella detaljer och tips f\u00f6r att s\u00e4tta ihop kl\u00e4derna. Dessutom f\u00e5r du lite kunskap bakom MASCOT, om till exempel hur arbetskl\u00e4derna testas grundligt p\u00e5 v\u00e4g till hyllan hos n\u00e5gon av de m\u00e5nga MASCOT-\u00e5terf\u00f6rs\u00e4ljarna.<\/p>\n<p>Det finns mer \u00e4n 600 produkter i sortimentet och \u00e4ven om de \u00e4r uppdelade i olika serier \u00e4r f\u00e4rgerna desamma \u00f6ver hela linjen. Det ger otaliga m\u00f6jligheter att s\u00e4tta ihop individuella profilkl\u00e4der fr\u00e5n topp till t\u00e5 f\u00f6r de anst\u00e4llda p\u00e5 din arbetsplats.<\/p>\n<p>Alla kataloger och broschyrer \u00f6ppnas i en onlinekatalog som du kan bl\u00e4ddra i och zooma in. Du kan \u00e4ven ladda ner kompllet katalog som pdf eller v\u00e4lja enskilda sidor som du vill spara.<\/p>\n\t\t\n<style>\n#text-109750989 {\n  font-size: 1.25rem;\n}\n<\/style>\n\t<\/div>\n\t\n\n\t\t<\/div>\n\t\t\t\t\t<\/div>\n\n\t\n\n<\/div>\n\n\t\t<\/div>\n\n\t\t\n<style>\n#section_2068774780 {\n  padding-top: 0px;\n  padding-bottom: 0px;\n}\n<\/style>\n\t<\/section>\n\t\n\n","protected":false},"excerpt":{"rendered":"","protected":false},"author":1,"featured_media":0,"parent":0,"menu_order":0,"comment_status":"closed","ping_status":"closed","template":"page-blank.php","meta":{"footnotes":""},"class_list":["post-92","page","type-page","status-publish","hentry"],"_links":{"self":[{"href":"https:\/\/wp.eddereklam.com\/index.php?rest_route=\/wp\/v2\/pages\/92","targetHints":{"allow":["GET"]}}],"collection":[{"href":"https:\/\/wp.eddereklam.com\/index.php?rest_route=\/wp\/v2\/pages"}],"about":[{"href":"https:\/\/wp.eddereklam.com\/index.php?rest_route=\/wp\/v2\/types\/page"}],"author":[{"embeddable":true,"href":"https:\/\/wp.eddereklam.com\/index.php?rest_route=\/wp\/v2\/users\/1"}],"replies":[{"embeddable":true,"href":"https:\/\/wp.eddereklam.com\/index.php?rest_route=%2Fwp%2Fv2%2Fcomments&post=92"}],"version-history":[{"count":51,"href":"https:\/\/wp.eddereklam.com\/index.php?rest_route=\/wp\/v2\/pages\/92\/revisions"}],"predecessor-version":[{"id":1369,"href":"https:\/\/wp.eddereklam.com\/index.php?rest_route=\/wp\/v2\/pages\/92\/revisions\/1369"}],"wp:attachment":[{"href":"https:\/\/wp.eddereklam.com\/index.php?rest_route=%2Fwp%2Fv2%2Fmedia&parent=92"}],"curies":[{"name":"wp","href":"https:\/\/api.w.org\/{rel}","templated":true}]}}