{"id":91,"date":"2013-08-11T19:22:53","date_gmt":"2013-08-11T19:22:53","guid":{"rendered":"http:\/\/localhost:8888\/test\/?page_id=532"},"modified":"2024-03-28T16:05:31","modified_gmt":"2024-03-28T16:05:31","slug":"contact","status":"publish","type":"page","link":"https:\/\/wp.eddereklam.com\/?page_id=91","title":{"rendered":"Contact"},"content":{"rendered":"\n\t<section class=\"section\" id=\"section_1470742708\">\n\t\t<div class=\"bg section-bg fill bg-fill  bg-loaded\" >\n\n\t\t\t\n\t\t\t\n\t\t\t\n\n\t\t<\/div>\n\n\t\t\n\n\t\t<div class=\"section-content relative\">\n\t\t\t\n\n\t<div id=\"gap-1387388785\" class=\"gap-element clearfix\" style=\"display:block; height:auto;\">\n\t\t\n<style>\n#gap-1387388785 {\n  padding-top: 30px;\n}\n<\/style>\n\t<\/div>\n\t\n\n<div class=\"row\"  id=\"row-1609855747\">\n\n\n\t<div id=\"col-517532690\" class=\"col small-12 large-12\"  >\n\t\t\t\t<div class=\"col-inner\"  >\n\t\t\t\n\t\t\t\n\n\n\n<iframe src=\"https:\/\/www.google.com\/maps\/embed?pb=!1m18!1m12!1m3!1d2253.2717589976683!2d13.0408875!3d55.614686899999995!2m3!1f0!2f0!3f0!3m2!1i1024!2i768!4f13.1!3m3!1m2!1s0x4653a3dcc1e31125%3A0xab81673f87552087!2sEdde%20Reklam%20AB!5e0!3m2!1ssv!2str!4v1711097838956!5m2!1ssv!2str\" width=\"100%\" height=\"450\" style=\"border:0;\" allowfullscreen=\"\" loading=\"lazy\" referrerpolicy=\"no-referrer-when-downgrade\"><\/iframe>\n\n\n\t\t<\/div>\n\t\t\t\t\t<\/div>\n\n\t\n\n<\/div>\n\n\t\t<\/div>\n\n\t\t\n<style>\n#section_1470742708 {\n  padding-top: 0px;\n  padding-bottom: 0px;\n}\n<\/style>\n\t<\/section>\n\t\n\t<section class=\"section\" id=\"section_1957073276\">\n\t\t<div class=\"bg section-bg fill bg-fill  bg-loaded\" >\n\n\t\t\t\n\t\t\t\n\t\t\t\n\n\t\t<\/div>\n\n\t\t\n\n\t\t<div class=\"section-content relative\">\n\t\t\t\n\n<div class=\"row\"  id=\"row-1653156220\">\n\n\n\t<div id=\"col-1417673136\" class=\"col medium-6 small-12 large-6\"  >\n\t\t\t\t<div class=\"col-inner\"  >\n\t\t\t\n\t\t\t\n\n<p><strong>Kontakt<\/strong><\/p>\n<p>Du kan alltid kontakta EDDE REKLAM AB <br \/>om du har fr\u00e5gor eller \u00f6nskar att l\u00e4gga en order.<\/p>\n<p><strong>Telefon vs. e-post<\/strong><br \/>Du \u00e4r v\u00e4lkommen att ringa oss, men prisrelaterade fr\u00e5gor h\u00e4nvisas till e-post, d\u00e5<br \/>du p\u00e5 det s\u00e4ttet \u00e4r s\u00e4krad ett snabbt och skriftligt svar.<br \/>E-post besvaras alltid inom 24 timmar &#8211; och ofta snabbare.<\/p>\n<p>Telefon: 040-224924<\/p>\n<p><a href=\"info@wp.eddereklam.comreklam.se\">E-post: info@wp.eddereklam.comreklam.se<\/a><\/p>\n<p>\u00a0<\/p>\n\n\t\t<\/div>\n\t\t\t\t\t<\/div>\n\n\t\n\n\t<div id=\"col-2037825800\" class=\"col medium-6 small-12 large-6\"  >\n\t\t\t\t<div class=\"col-inner\"  >\n\t\t\t\n\t\t\t\n\n\n  <div class=\"banner has-hover\" id=\"banner-1222298451\">\n          <div class=\"banner-inner fill\">\n        <div class=\"banner-bg fill\" >\n            <div class=\"bg fill bg-fill \"><\/div>\n                        <div class=\"overlay\"><\/div>            \n                    <\/div>\n\t\t\n        <div class=\"banner-layers container\">\n            <div class=\"fill banner-link\"><\/div>            \n\n   <div id=\"text-box-1479835397\" class=\"text-box banner-layer x5 md-x5 lg-x5 y50 md-y50 lg-y50 res-text\">\n                                <div class=\"text-box-content text \">\n              \n              <div class=\"text-inner text-left\">\n                  \n\n\t<div id=\"text-2880590768\" class=\"text\">\n\t\t\n\n<h2 class=\"uppercase\"><strong>FR\u00c5GA OSS<\/strong><\/h2>\n\t\t\n<style>\n#text-2880590768 {\n  font-size: 2.9rem;\n}\n<\/style>\n\t<\/div>\n\t\n\n              <\/div>\n           <\/div>\n                            \n<style>\n#text-box-1479835397 {\n  width: 60%;\n}\n#text-box-1479835397 .text-box-content {\n  font-size: 100%;\n}\n@media (min-width:550px) {\n  #text-box-1479835397 {\n    width: 89%;\n  }\n}\n<\/style>\n    <\/div>\n \n\n        <\/div>\n      <\/div>\n\n            \n<style>\n#banner-1222298451 {\n  padding-top: 500px;\n  background-color: #eef1f2;\n}\n#banner-1222298451 .overlay {\n  background-color: rgba(190, 190, 190, 0.2);\n}\n<\/style>\n  <\/div>\n\n\n\n\t\t<\/div>\n\t\t\t\t\t<\/div>\n\n\t\n\n<\/div>\n\n\t\t<\/div>\n\n\t\t\n<style>\n#section_1957073276 {\n  padding-top: 30px;\n  padding-bottom: 30px;\n}\n<\/style>\n\t<\/section>\n\t\n<div class=\"row\"  id=\"row-1816418909\">\n\n\n\t<div id=\"col-1604981128\" class=\"col medium-6 large-6\"  >\n\t\t\t\t<div class=\"col-inner\"  >\n\t\t\t\n\t\t\t\n\n<div class=\"container section-title-container\" ><h3 class=\"section-title section-title-normal\"><b><\/b><span class=\"section-title-main\" >Frequently Asked Questions<\/span><b><\/b><\/h3><\/div>\n\n<p class=\"lead\">Please read our FAQ before sending us a message.<\/p>\n<div class=\"accordion\">\n\n\t<div id=\"accordion-3255543902\" class=\"accordion-item\">\n\t\t<a id=\"accordion-3255543902-label\" class=\"accordion-title plain\" href=\"#accordion-item-what-are-the-delivery-charges-for-orders-from-the-online-shop?\" aria-expanded=\"false\" aria-controls=\"accordion-3255543902-content\" >\n\t\t\t<button class=\"toggle\" aria-label=\"Toggle\"><i class=\"icon-angle-down\"><\/i><\/button>\n\t\t\t<span>What are the delivery charges for orders from the Online Shop?<\/span>\n\t\t<\/a>\n\t\t<div id=\"accordion-3255543902-content\" class=\"accordion-inner\" aria-labelledby=\"accordion-3255543902-label\" >\n\t\t\t\n\n<p>Lorem ipsum dolor sit amet, consectetur adipiscing elit. Aenean id convallis tellus. Nulla aliquam in mi et convallis. Pellentesque rutrum feugiat ante ut imperdiet. Vivamus et dolor nec nisl consectetur vulputate id non ante.<\/p>\n\n\t\t<\/div>\n\t<\/div>\n\t\n\t<div id=\"accordion-4124493814\" class=\"accordion-item\">\n\t\t<a id=\"accordion-4124493814-label\" class=\"accordion-title plain\" href=\"#accordion-item-which-payment-methods-are-accepted-in-the-online-shop?\" aria-expanded=\"false\" aria-controls=\"accordion-4124493814-content\" >\n\t\t\t<button class=\"toggle\" aria-label=\"Toggle\"><i class=\"icon-angle-down\"><\/i><\/button>\n\t\t\t<span>Which payment methods are accepted in the Online Shop?<\/span>\n\t\t<\/a>\n\t\t<div id=\"accordion-4124493814-content\" class=\"accordion-inner\" aria-labelledby=\"accordion-4124493814-label\" >\n\t\t\t\n\n<p>Lorem ipsum dolor sit amet, consectetur adipiscing elit. Aenean id convallis tellus. Nulla aliquam in mi et convallis. Pellentesque rutrum feugiat ante ut imperdiet. Vivamus et dolor nec nisl consectetur vulputate id non ante.<\/p>\n\n\t\t<\/div>\n\t<\/div>\n\t\n\t<div id=\"accordion-772695860\" class=\"accordion-item\">\n\t\t<a id=\"accordion-772695860-label\" class=\"accordion-title plain\" href=\"#accordion-item-how-long-will-delivery-take?\" aria-expanded=\"false\" aria-controls=\"accordion-772695860-content\" >\n\t\t\t<button class=\"toggle\" aria-label=\"Toggle\"><i class=\"icon-angle-down\"><\/i><\/button>\n\t\t\t<span>How long will delivery take?<\/span>\n\t\t<\/a>\n\t\t<div id=\"accordion-772695860-content\" class=\"accordion-inner\" aria-labelledby=\"accordion-772695860-label\" >\n\t\t\t\n\n<p>Lorem ipsum dolor sit amet, consectetur adipiscing elit. Aenean id convallis tellus. Nulla aliquam in mi et convallis. Pellentesque rutrum feugiat ante ut imperdiet. Vivamus et dolor nec nisl consectetur vulputate id non ante. <\/p>\n\n\t\t<\/div>\n\t<\/div>\n\t\n\t<div id=\"accordion-754549620\" class=\"accordion-item\">\n\t\t<a id=\"accordion-754549620-label\" class=\"accordion-title plain\" href=\"#accordion-item-how-secure-is-shopping-in-the-online-shop?-is-my-data-protected?\" aria-expanded=\"false\" aria-controls=\"accordion-754549620-content\" >\n\t\t\t<button class=\"toggle\" aria-label=\"Toggle\"><i class=\"icon-angle-down\"><\/i><\/button>\n\t\t\t<span>How secure is shopping in the Online Shop? Is my data protected?<\/span>\n\t\t<\/a>\n\t\t<div id=\"accordion-754549620-content\" class=\"accordion-inner\" aria-labelledby=\"accordion-754549620-label\" >\n\t\t\t\n\n<p>Lorem ipsum dolor sit amet, consectetur adipiscing elit. Aenean id convallis tellus. Nulla aliquam in mi et convallis. Pellentesque rutrum feugiat ante ut imperdiet. Vivamus et dolor nec nisl consectetur vulputate id non ante.<\/p>\n\n\t\t<\/div>\n\t<\/div>\n\t\n\t<div id=\"accordion-471239489\" class=\"accordion-item\">\n\t\t<a id=\"accordion-471239489-label\" class=\"accordion-title plain\" href=\"#accordion-item-what-exactly-happens-after-ordering?\" aria-expanded=\"false\" aria-controls=\"accordion-471239489-content\" >\n\t\t\t<button class=\"toggle\" aria-label=\"Toggle\"><i class=\"icon-angle-down\"><\/i><\/button>\n\t\t\t<span>What exactly happens after ordering?<\/span>\n\t\t<\/a>\n\t\t<div id=\"accordion-471239489-content\" class=\"accordion-inner\" aria-labelledby=\"accordion-471239489-label\" >\n\t\t\t\n\n<p>Lorem ipsum dolor sit amet, consectetur adipiscing elit. Aenean id convallis tellus. Nulla aliquam in mi et convallis. Pellentesque rutrum feugiat ante ut imperdiet. Vivamus et dolor nec nisl consectetur vulputate id non ante. <\/p>\n\n\t\t<\/div>\n\t<\/div>\n\t\n\t<div id=\"accordion-1462094654\" class=\"accordion-item\">\n\t\t<a id=\"accordion-1462094654-label\" class=\"accordion-title plain\" href=\"#accordion-item-do-i-receive-an-invoice-for-my-order?\" aria-expanded=\"false\" aria-controls=\"accordion-1462094654-content\" >\n\t\t\t<button class=\"toggle\" aria-label=\"Toggle\"><i class=\"icon-angle-down\"><\/i><\/button>\n\t\t\t<span>Do I receive an invoice for my order?<\/span>\n\t\t<\/a>\n\t\t<div id=\"accordion-1462094654-content\" class=\"accordion-inner\" aria-labelledby=\"accordion-1462094654-label\" >\n\t\t\t\n\n<p>Lorem ipsum dolor sit amet, consectetur adipiscing elit. Aenean id convallis tellus. Nulla aliquam in mi et convallis. Pellentesque rutrum feugiat ante ut imperdiet. Vivamus et dolor nec nisl consectetur vulputate id non ante. <\/p>\n\n\t\t<\/div>\n\t<\/div>\n\t\n\n<\/div>\n\n\t\t<\/div>\n\t\t\t\t\t<\/div>\n\n\t\n\n\t<div id=\"col-702304691\" class=\"col medium-6 large-6\"  >\n\t\t\t\t<div class=\"col-inner\"  >\n\t\t\t\n\t\t\t\n\n<div class=\"container section-title-container\" ><h3 class=\"section-title section-title-normal\"><b><\/b><span class=\"section-title-main\" >KONTAKTFORM<\/span><b><\/b><\/h3><\/div>\n\n[ninja_form id=1]\n\n\n\t\t<\/div>\n\t\t\t\t\t<\/div>\n\n\t\n\n<\/div>\n<p>\u00a0<\/p>\n\n","protected":false},"excerpt":{"rendered":"","protected":false},"author":1,"featured_media":19,"parent":54,"menu_order":0,"comment_status":"closed","ping_status":"closed","template":"page-blank.php","meta":{"footnotes":""},"class_list":["post-91","page","type-page","status-publish","has-post-thumbnail","hentry"],"_links":{"self":[{"href":"https:\/\/wp.eddereklam.com\/index.php?rest_route=\/wp\/v2\/pages\/91","targetHints":{"allow":["GET"]}}],"collection":[{"href":"https:\/\/wp.eddereklam.com\/index.php?rest_route=\/wp\/v2\/pages"}],"about":[{"href":"https:\/\/wp.eddereklam.com\/index.php?rest_route=\/wp\/v2\/types\/page"}],"author":[{"embeddable":true,"href":"https:\/\/wp.eddereklam.com\/index.php?rest_route=\/wp\/v2\/users\/1"}],"replies":[{"embeddable":true,"href":"https:\/\/wp.eddereklam.com\/index.php?rest_route=%2Fwp%2Fv2%2Fcomments&post=91"}],"version-history":[{"count":12,"href":"https:\/\/wp.eddereklam.com\/index.php?rest_route=\/wp\/v2\/pages\/91\/revisions"}],"predecessor-version":[{"id":973,"href":"https:\/\/wp.eddereklam.com\/index.php?rest_route=\/wp\/v2\/pages\/91\/revisions\/973"}],"up":[{"embeddable":true,"href":"https:\/\/wp.eddereklam.com\/index.php?rest_route=\/wp\/v2\/pages\/54"}],"wp:featuredmedia":[{"embeddable":true,"href":"https:\/\/wp.eddereklam.com\/index.php?rest_route=\/wp\/v2\/media\/19"}],"wp:attachment":[{"href":"https:\/\/wp.eddereklam.com\/index.php?rest_route=%2Fwp%2Fv2%2Fmedia&parent=91"}],"curies":[{"name":"wp","href":"https:\/\/api.w.org\/{rel}","templated":true}]}}