{"id":1273,"date":"2024-03-31T16:10:38","date_gmt":"2024-03-31T16:10:38","guid":{"rendered":"https:\/\/wp.eddereklam.com\/?page_id=1273"},"modified":"2024-04-02T10:34:04","modified_gmt":"2024-04-02T10:34:04","slug":"sport-fritid-2","status":"publish","type":"page","link":"https:\/\/wp.eddereklam.com\/?page_id=1273","title":{"rendered":"SPORT &#038; FRITID"},"content":{"rendered":"\n\t<section class=\"section\" id=\"section_2042930506\">\n\t\t<div class=\"bg section-bg fill bg-fill  bg-loaded\" >\n\n\t\t\t\n\t\t\t\n\t\t\t\n\n\t\t<\/div>\n\n\t\t\n\n\t\t<div class=\"section-content relative\">\n\t\t\t\n\n\t<div id=\"text-1187637502\" class=\"text\">\n\t\t\n\n<h1><strong>Sport<\/strong> &amp; Fritid<\/h1>\n\n\t\t\n<style>\n#text-1187637502 {\n  font-size: 3.35rem;\n  text-align: center;\n}\n<\/style>\n\t<\/div>\n\t\n<div class=\"row\"  id=\"row-733247256\">\n\n\n\t<div id=\"col-743186418\" class=\"col small-12 large-12\"  >\n\t\t\t\t<div class=\"col-inner\"  >\n\t\t\t\n\t\t\t\n\n<p>Vi har ett fokus p\u00e5 kl\u00e4der f\u00f6r m\u00e4nniskor med en aktiv livsstil. Det ska vara kl\u00e4der som det k\u00e4nns bra att r\u00f6ra sig i, g\u00e4rna lite sportiga. I sortimentet finns ocks\u00e5 gott om funktionsplagg som \u00e4r gjorda s\u00e4rskilt f\u00f6r motion och tr\u00e4ning. P\u00e5 EDDE REKLAM har vi det mesta och det senaste inom sport och funktionskl\u00e4der som passar f\u00f6r en aktiv fritid.<\/p>\n\n\t\t<\/div>\n\t\t\t\t\t<\/div>\n\n\t\n\n<\/div>\n\n\t\t<\/div>\n\n\t\t\n<style>\n#section_2042930506 {\n  padding-top: 0px;\n  padding-bottom: 0px;\n  min-height: 300px;\n  background-color: #eef1f2;\n}\n<\/style>\n\t<\/section>\n\t\n\t<section class=\"section\" id=\"section_544727330\">\n\t\t<div class=\"bg section-bg fill bg-fill  bg-loaded\" >\n\n\t\t\t\n\t\t\t\n\t\t\t\n\n\t\t<\/div>\n\n\t\t\n\n\t\t<div class=\"section-content relative\">\n\t\t\t\n\n<div class=\"row row-small row-full-width align-equal row-box-shadow-1 row-box-shadow-3-hover\"  id=\"row-844951214\">\n\n\n\t<div id=\"col-854933123\" class=\"col medium-4 small-12 large-4\"  >\n\t\t\t\t<div class=\"col-inner\"  >\n\t\t\t\n\t\t\t\n\n\t<div class=\"box has-hover   has-hover box-text-bottom\" >\n\n\t\t<div class=\"box-image\" >\n\t\t\t<a href=\"https:\/\/viewer.joomag.com\/craft-custom-catalogue-se\/0904061001706003691?short&\" target=\"_blank\" rel=\"noopener\" >\t\t\t<div class=\"\" >\n\t\t\t\t<img loading=\"lazy\" decoding=\"async\" width=\"1320\" height=\"1860\" src=\"https:\/\/wp.eddereklam.com\/wp-content\/uploads\/2024\/03\/COMPETITION.png\" class=\"attachment- size-\" alt=\"\" srcset=\"https:\/\/wp.eddereklam.com\/wp-content\/uploads\/2024\/03\/COMPETITION.png 1320w, https:\/\/wp.eddereklam.com\/wp-content\/uploads\/2024\/03\/COMPETITION-600x845.png 600w, https:\/\/wp.eddereklam.com\/wp-content\/uploads\/2024\/03\/COMPETITION-284x400.png 284w, https:\/\/wp.eddereklam.com\/wp-content\/uploads\/2024\/03\/COMPETITION-568x800.png 568w, https:\/\/wp.eddereklam.com\/wp-content\/uploads\/2024\/03\/COMPETITION-768x1082.png 768w, https:\/\/wp.eddereklam.com\/wp-content\/uploads\/2024\/03\/COMPETITION-1090x1536.png 1090w\" sizes=\"auto, (max-width: 1320px) 100vw, 1320px\" \/>\t\t\t\t\t\t\t\t\t\t\t<\/div>\n\t\t\t<\/a>\t\t<\/div>\n\n\t\t<div class=\"box-text text-center\" >\n\t\t\t<div class=\"box-text-inner\">\n\t\t\t\t\n\n<h2><span style=\"font-size: 100%;\"><strong>CRAFT<\/strong>\u00ae <em>COMPETTITION<\/em><\/span><\/h2>\n\n\t\t\t<\/div>\n\t\t<\/div>\n\t<\/div>\n\t\n\n\t\t<\/div>\n\t\t\t\t\t<\/div>\n\n\t\n\n\t<div id=\"col-875093758\" class=\"col medium-4 small-12 large-4\"  >\n\t\t\t\t<div class=\"col-inner\"  >\n\t\t\t\n\t\t\t\n\n\t<div class=\"box has-hover   has-hover box-text-bottom\" >\n\n\t\t<div class=\"box-image\" >\n\t\t\t<a href=\"https:\/\/joom.ag\/zg0d\" target=\"_blank\" rel=\"noopener\" >\t\t\t<div class=\"\" >\n\t\t\t\t<img loading=\"lazy\" decoding=\"async\" width=\"1330\" height=\"1874\" src=\"https:\/\/wp.eddereklam.com\/wp-content\/uploads\/2024\/03\/CRAFT.png\" class=\"attachment- size-\" alt=\"\" srcset=\"https:\/\/wp.eddereklam.com\/wp-content\/uploads\/2024\/03\/CRAFT.png 1330w, https:\/\/wp.eddereklam.com\/wp-content\/uploads\/2024\/03\/CRAFT-600x845.png 600w, https:\/\/wp.eddereklam.com\/wp-content\/uploads\/2024\/03\/CRAFT-284x400.png 284w, https:\/\/wp.eddereklam.com\/wp-content\/uploads\/2024\/03\/CRAFT-568x800.png 568w, https:\/\/wp.eddereklam.com\/wp-content\/uploads\/2024\/03\/CRAFT-768x1082.png 768w, https:\/\/wp.eddereklam.com\/wp-content\/uploads\/2024\/03\/CRAFT-1090x1536.png 1090w\" sizes=\"auto, (max-width: 1330px) 100vw, 1330px\" \/>\t\t\t\t\t\t\t\t\t\t\t<\/div>\n\t\t\t<\/a>\t\t<\/div>\n\n\t\t<div class=\"box-text text-center\" >\n\t\t\t<div class=\"box-text-inner\">\n\t\t\t\t\n\n<h2><span style=\"font-size: 100%;\"><strong>CRAFT<\/strong>\u00ae <em>TEAMWEAR<\/em><\/span><\/h2>\n\n\t\t\t<\/div>\n\t\t<\/div>\n\t<\/div>\n\t\n\n\t\t<\/div>\n\t\t\t\t\t<\/div>\n\n\t\n\n\t<div id=\"col-1463261206\" class=\"col medium-4 small-12 large-4\"  >\n\t\t\t\t<div class=\"col-inner\"  >\n\t\t\t\n\t\t\t\n\n\t<div class=\"box has-hover   has-hover box-text-bottom\" >\n\n\t\t<div class=\"box-image\" >\n\t\t\t<a href=\"https:\/\/viewer.joomag.com\/corporate-catalogue-ss24-se\/0487154001702555844?short&\" target=\"_blank\" rel=\"noopener\" >\t\t\t<div class=\"\" >\n\t\t\t\t<img loading=\"lazy\" decoding=\"async\" width=\"1316\" height=\"1874\" src=\"https:\/\/wp.eddereklam.com\/wp-content\/uploads\/2024\/03\/CRAFT-1.png\" class=\"attachment- size-\" alt=\"\" srcset=\"https:\/\/wp.eddereklam.com\/wp-content\/uploads\/2024\/03\/CRAFT-1.png 1316w, https:\/\/wp.eddereklam.com\/wp-content\/uploads\/2024\/03\/CRAFT-1-600x854.png 600w, https:\/\/wp.eddereklam.com\/wp-content\/uploads\/2024\/03\/CRAFT-1-281x400.png 281w, https:\/\/wp.eddereklam.com\/wp-content\/uploads\/2024\/03\/CRAFT-1-562x800.png 562w, https:\/\/wp.eddereklam.com\/wp-content\/uploads\/2024\/03\/CRAFT-1-768x1094.png 768w, https:\/\/wp.eddereklam.com\/wp-content\/uploads\/2024\/03\/CRAFT-1-1079x1536.png 1079w\" sizes=\"auto, (max-width: 1316px) 100vw, 1316px\" \/>\t\t\t\t\t\t\t\t\t\t\t<\/div>\n\t\t\t<\/a>\t\t<\/div>\n\n\t\t<div class=\"box-text text-center\" >\n\t\t\t<div class=\"box-text-inner\">\n\t\t\t\t\n\n<h2><span style=\"font-size: 100%;\"><strong>CRAFT<\/strong>\u00ae <em>CORPORATE WEAR<\/em><\/span><\/h2>\n\n\t\t\t<\/div>\n\t\t<\/div>\n\t<\/div>\n\t\n\n\t\t<\/div>\n\t\t\t\t\t<\/div>\n\n\t\n\n<\/div>\n\n\t\t<\/div>\n\n\t\t\n<style>\n#section_544727330 {\n  padding-top: 30px;\n  padding-bottom: 30px;\n}\n<\/style>\n\t<\/section>\n\t\n\n","protected":false},"excerpt":{"rendered":"","protected":false},"author":1,"featured_media":0,"parent":0,"menu_order":0,"comment_status":"closed","ping_status":"closed","template":"","meta":{"footnotes":""},"class_list":["post-1273","page","type-page","status-publish","hentry"],"_links":{"self":[{"href":"https:\/\/wp.eddereklam.com\/index.php?rest_route=\/wp\/v2\/pages\/1273","targetHints":{"allow":["GET"]}}],"collection":[{"href":"https:\/\/wp.eddereklam.com\/index.php?rest_route=\/wp\/v2\/pages"}],"about":[{"href":"https:\/\/wp.eddereklam.com\/index.php?rest_route=\/wp\/v2\/types\/page"}],"author":[{"embeddable":true,"href":"https:\/\/wp.eddereklam.com\/index.php?rest_route=\/wp\/v2\/users\/1"}],"replies":[{"embeddable":true,"href":"https:\/\/wp.eddereklam.com\/index.php?rest_route=%2Fwp%2Fv2%2Fcomments&post=1273"}],"version-history":[{"count":10,"href":"https:\/\/wp.eddereklam.com\/index.php?rest_route=\/wp\/v2\/pages\/1273\/revisions"}],"predecessor-version":[{"id":1362,"href":"https:\/\/wp.eddereklam.com\/index.php?rest_route=\/wp\/v2\/pages\/1273\/revisions\/1362"}],"wp:attachment":[{"href":"https:\/\/wp.eddereklam.com\/index.php?rest_route=%2Fwp%2Fv2%2Fmedia&parent=1273"}],"curies":[{"name":"wp","href":"https:\/\/api.w.org\/{rel}","templated":true}]}}