{"id":1210,"date":"2024-03-31T11:57:40","date_gmt":"2024-03-31T11:57:40","guid":{"rendered":"https:\/\/wp.eddereklam.com\/?page_id=1210"},"modified":"2024-04-02T13:00:49","modified_gmt":"2024-04-02T13:00:49","slug":"profilprodukter","status":"publish","type":"page","link":"https:\/\/wp.eddereklam.com\/?page_id=1210","title":{"rendered":"PROFILPRODUKTER"},"content":{"rendered":"\n\t<section class=\"section\" id=\"section_2039696798\">\n\t\t<div class=\"bg section-bg fill bg-fill  bg-loaded\" >\n\n\t\t\t\n\t\t\t\n\t\t\t\n\n\t\t<\/div>\n\n\t\t\n\n\t\t<div class=\"section-content relative\">\n\t\t\t\n\n\t<div id=\"text-1249408018\" class=\"text\">\n\t\t\n\n<h1>Profilprodukter<\/h1>\n\t\t\n<style>\n#text-1249408018 {\n  font-size: 3.35rem;\n  text-align: center;\n}\n<\/style>\n\t<\/div>\n\t\n<div class=\"row\"  id=\"row-2015520875\">\n\n\n\t<div id=\"col-130531732\" class=\"col small-12 large-12\"  >\n\t\t\t\t<div class=\"col-inner\"  >\n\t\t\t\n\t\t\t\n\n<p><span style=\"font-size: 115%;\">St\u00f6rst utbud av profilprodukter och presentreklam. Profilprodukter med tryck \u00e4r ett enkelt och kostnadseffektivt s\u00e4tt att sprida ert budskap p\u00e5, vare sig ni \u00e4r ett f\u00f6retag, f\u00f6rening eller kommun. Det finns n\u00e5gon produkt som passar just er perfekt och bara fantasin s\u00e4tter stopp f\u00f6r en klockren produkt som greppar tag i \u00e5sk\u00e5daren! Vi h\u00e5ller Sveriges b\u00e4sta priser p\u00e5 hela v\u00e5rt sortiment, hos oss kan ni handla tryggt och till l\u00e4gst pris! Vi str\u00e4var efter att sticka ut i m\u00e4ngden<\/span><\/p>\n\n\t\t<\/div>\n\t\t\t\t\t<\/div>\n\n\t\n\n<\/div>\n\n\t\t<\/div>\n\n\t\t\n<style>\n#section_2039696798 {\n  padding-top: 0px;\n  padding-bottom: 0px;\n  min-height: 300px;\n  background-color: #eef1f2;\n}\n<\/style>\n\t<\/section>\n\t\n\t<section class=\"section\" id=\"section_305532665\">\n\t\t<div class=\"bg section-bg fill bg-fill  bg-loaded\" >\n\n\t\t\t\n\t\t\t\n\t\t\t\n\n\t\t<\/div>\n\n\t\t\n\n\t\t<div class=\"section-content relative\">\n\t\t\t\n\n<div class=\"row row-small row-full-width align-equal row-box-shadow-1 row-box-shadow-2-hover\"  id=\"row-1507407988\">\n\n\n\t<div id=\"col-1523333498\" class=\"col medium-4 small-12 large-4\"  >\n\t\t\t\t<div class=\"col-inner\"  >\n\t\t\t\n\t\t\t\n\n\t<div class=\"box has-hover   has-hover box-default box-text-bottom\" >\n\n\t\t<div class=\"box-image\" >\n\t\t\t<a href=\"https:\/\/issuu.com\/toppoint\/docs\/the_collection_2024_se?fr=sOTZlYTY0OTQ1MTE\" target=\"_blank\" rel=\"noopener\" >\t\t\t<div class=\"image-cover\" style=\"padding-top:600px;\">\n\t\t\t\t<img loading=\"lazy\" decoding=\"async\" width=\"1204\" height=\"1702\" src=\"https:\/\/wp.eddereklam.com\/wp-content\/uploads\/2024\/03\/toppoint-1.png\" class=\"attachment-original size-original\" alt=\"\" srcset=\"https:\/\/wp.eddereklam.com\/wp-content\/uploads\/2024\/03\/toppoint-1.png 1204w, https:\/\/wp.eddereklam.com\/wp-content\/uploads\/2024\/03\/toppoint-1-600x848.png 600w, https:\/\/wp.eddereklam.com\/wp-content\/uploads\/2024\/03\/toppoint-1-283x400.png 283w, https:\/\/wp.eddereklam.com\/wp-content\/uploads\/2024\/03\/toppoint-1-566x800.png 566w, https:\/\/wp.eddereklam.com\/wp-content\/uploads\/2024\/03\/toppoint-1-768x1086.png 768w, https:\/\/wp.eddereklam.com\/wp-content\/uploads\/2024\/03\/toppoint-1-1087x1536.png 1087w\" sizes=\"auto, (max-width: 1204px) 100vw, 1204px\" \/>\t\t\t\t\t\t\t\t\t\t\t<\/div>\n\t\t\t<\/a>\t\t<\/div>\n\n\t\t<div class=\"box-text text-center is-xlarge\" >\n\t\t\t<div class=\"box-text-inner\">\n\t\t\t\t\n\n<h2><span style=\"font-size: 100%;\"><strong>TOPPOINT<\/strong><em> 2024<\/em><\/span><\/h2>\n\n\t\t\t<\/div>\n\t\t<\/div>\n\t<\/div>\n\t\n\n\t\t<\/div>\n\t\t\t\t\t<\/div>\n\n\t\n\n\t<div id=\"col-600627250\" class=\"col medium-4 small-12 large-4\"  >\n\t\t\t\t<div class=\"col-inner\"  >\n\t\t\t\n\t\t\t\n\n\t<div class=\"box has-hover   has-hover box-default box-text-bottom\" >\n\n\t\t<div class=\"box-image\" >\n\t\t\t<a href=\"https:\/\/joom.ag\/zg0d\" target=\"_blank\" rel=\"noopener\" >\t\t\t<div class=\"image-cover\" style=\"padding-top:600px;\">\n\t\t\t\t<img loading=\"lazy\" decoding=\"async\" width=\"1330\" height=\"1874\" src=\"https:\/\/wp.eddereklam.com\/wp-content\/uploads\/2024\/03\/CRAFT.png\" class=\"attachment-original size-original\" alt=\"\" srcset=\"https:\/\/wp.eddereklam.com\/wp-content\/uploads\/2024\/03\/CRAFT.png 1330w, https:\/\/wp.eddereklam.com\/wp-content\/uploads\/2024\/03\/CRAFT-600x845.png 600w, https:\/\/wp.eddereklam.com\/wp-content\/uploads\/2024\/03\/CRAFT-284x400.png 284w, https:\/\/wp.eddereklam.com\/wp-content\/uploads\/2024\/03\/CRAFT-568x800.png 568w, https:\/\/wp.eddereklam.com\/wp-content\/uploads\/2024\/03\/CRAFT-768x1082.png 768w, https:\/\/wp.eddereklam.com\/wp-content\/uploads\/2024\/03\/CRAFT-1090x1536.png 1090w\" sizes=\"auto, (max-width: 1330px) 100vw, 1330px\" \/>\t\t\t\t\t\t\t\t\t\t\t<\/div>\n\t\t\t<\/a>\t\t<\/div>\n\n\t\t<div class=\"box-text text-center is-xlarge\" >\n\t\t\t<div class=\"box-text-inner\">\n\t\t\t\t\n\n<h2><span style=\"font-size: 100%;\"><strong>CRAFT<\/strong><em> Teamwear<\/em><\/span><\/h2>\n\n\n\t\t\t<\/div>\n\t\t<\/div>\n\t<\/div>\n\t\n\n\t\t<\/div>\n\t\t\t\t\t<\/div>\n\n\t\n\n\t<div id=\"col-1421188230\" class=\"col medium-4 small-12 large-4\"  >\n\t\t\t\t<div class=\"col-inner\"  >\n\t\t\t\n\t\t\t\n\n\t<div class=\"box has-hover   has-hover box-default box-text-bottom\" >\n\n\t\t<div class=\"box-image\" >\n\t\t\t<a href=\"https:\/\/viewer.joomag.com\/corporate-catalogue-ss24-se\/0487154001702555844?short&amp;\" target=\"_blank\" rel=\"noopener\" >\t\t\t<div class=\"image-cover\" style=\"padding-top:600px;\">\n\t\t\t\t<img loading=\"lazy\" decoding=\"async\" width=\"1316\" height=\"1874\" src=\"https:\/\/wp.eddereklam.com\/wp-content\/uploads\/2024\/03\/CRAFT-1.png\" class=\"attachment-original size-original\" alt=\"\" srcset=\"https:\/\/wp.eddereklam.com\/wp-content\/uploads\/2024\/03\/CRAFT-1.png 1316w, https:\/\/wp.eddereklam.com\/wp-content\/uploads\/2024\/03\/CRAFT-1-600x854.png 600w, https:\/\/wp.eddereklam.com\/wp-content\/uploads\/2024\/03\/CRAFT-1-281x400.png 281w, https:\/\/wp.eddereklam.com\/wp-content\/uploads\/2024\/03\/CRAFT-1-562x800.png 562w, https:\/\/wp.eddereklam.com\/wp-content\/uploads\/2024\/03\/CRAFT-1-768x1094.png 768w, https:\/\/wp.eddereklam.com\/wp-content\/uploads\/2024\/03\/CRAFT-1-1079x1536.png 1079w\" sizes=\"auto, (max-width: 1316px) 100vw, 1316px\" \/>\t\t\t\t\t\t\t\t\t\t\t<\/div>\n\t\t\t<\/a>\t\t<\/div>\n\n\t\t<div class=\"box-text text-center is-xlarge\" >\n\t\t\t<div class=\"box-text-inner\">\n\t\t\t\t\n\n<h2><span style=\"font-size: 100%;\"><strong>CRAFT<\/strong><em> Teamwear<\/em><\/span><\/h2>\n\n\n\t\t\t<\/div>\n\t\t<\/div>\n\t<\/div>\n\t\n\n\t\t<\/div>\n\t\t\t\t\t<\/div>\n\n\t\n\n<\/div>\n\n\t\t<\/div>\n\n\t\t\n<style>\n#section_305532665 {\n  padding-top: 30px;\n  padding-bottom: 30px;\n}\n<\/style>\n\t<\/section>\n\t\n","protected":false},"excerpt":{"rendered":"","protected":false},"author":1,"featured_media":0,"parent":0,"menu_order":0,"comment_status":"closed","ping_status":"closed","template":"","meta":{"footnotes":""},"class_list":["post-1210","page","type-page","status-publish","hentry"],"_links":{"self":[{"href":"https:\/\/wp.eddereklam.com\/index.php?rest_route=\/wp\/v2\/pages\/1210","targetHints":{"allow":["GET"]}}],"collection":[{"href":"https:\/\/wp.eddereklam.com\/index.php?rest_route=\/wp\/v2\/pages"}],"about":[{"href":"https:\/\/wp.eddereklam.com\/index.php?rest_route=\/wp\/v2\/types\/page"}],"author":[{"embeddable":true,"href":"https:\/\/wp.eddereklam.com\/index.php?rest_route=\/wp\/v2\/users\/1"}],"replies":[{"embeddable":true,"href":"https:\/\/wp.eddereklam.com\/index.php?rest_route=%2Fwp%2Fv2%2Fcomments&post=1210"}],"version-history":[{"count":12,"href":"https:\/\/wp.eddereklam.com\/index.php?rest_route=\/wp\/v2\/pages\/1210\/revisions"}],"predecessor-version":[{"id":1379,"href":"https:\/\/wp.eddereklam.com\/index.php?rest_route=\/wp\/v2\/pages\/1210\/revisions\/1379"}],"wp:attachment":[{"href":"https:\/\/wp.eddereklam.com\/index.php?rest_route=%2Fwp%2Fv2%2Fmedia&parent=1210"}],"curies":[{"name":"wp","href":"https:\/\/api.w.org\/{rel}","templated":true}]}}